{"id":943,"date":"2024-01-04T13:34:32","date_gmt":"2024-01-04T12:34:32","guid":{"rendered":"https:\/\/www.cultivonslempathie.com\/?page_id=943"},"modified":"2024-03-12T17:49:44","modified_gmt":"2024-03-12T16:49:44","slug":"presentation","status":"publish","type":"page","link":"https:\/\/www.cultivonslempathie.com\/pt\/presentation\/","title":{"rendered":"Apresenta\u00e7\u00e3o"},"content":{"rendered":"<div data-elementor-type=\"wp-page\" data-elementor-id=\"943\" class=\"elementor elementor-943\" data-elementor-post-type=\"page\">\n\t\t\t\t\t\t<section class=\"elementor-section elementor-top-section elementor-element elementor-element-3143f81d elementor-section-full_width elementor-section-height-min-height ct-section-stretched elementor-section-height-default elementor-section-items-middle\" data-id=\"3143f81d\" data-element_type=\"section\" data-e-type=\"section\" data-settings=\"{&quot;background_background&quot;:&quot;classic&quot;}\">\n\t\t\t\t\t\t<div class=\"elementor-container elementor-column-gap-default\">\n\t\t\t\t\t<div class=\"elementor-column elementor-col-100 elementor-top-column elementor-element elementor-element-1cbcc460\" data-id=\"1cbcc460\" data-element_type=\"column\" data-e-type=\"column\">\n\t\t\t<div class=\"elementor-widget-wrap\">\n\t\t\t\t\t\t\t<\/div>\n\t\t<\/div>\n\t\t\t\t\t<\/div>\n\t\t<\/section>\n\t\t<div class=\"elementor-element elementor-element-4cd306e e-flex e-con-boxed e-con e-parent\" data-id=\"4cd306e\" data-element_type=\"container\" data-e-type=\"container\">\n\t\t\t\t\t<div class=\"e-con-inner\">\n\t\t\t\t<div class=\"elementor-element elementor-element-bebfb8e elementor-widget elementor-widget-heading\" data-id=\"bebfb8e\" data-element_type=\"widget\" data-e-type=\"widget\" data-widget_type=\"heading.default\">\n\t\t\t\t<div class=\"elementor-widget-container\">\n\t\t\t\t\t<h2 class=\"elementor-heading-title elementor-size-default\">Apresenta\u00e7\u00e3o<\/h2>\t\t\t\t<\/div>\n\t\t\t\t<\/div>\n\t\t\t\t\t<\/div>\n\t\t\t\t<\/div>\n\t\t<div class=\"elementor-element elementor-element-d22eff1 e-flex e-con-boxed e-con e-parent\" data-id=\"d22eff1\" data-element_type=\"container\" data-e-type=\"container\">\n\t\t\t\t\t<div class=\"e-con-inner\">\n\t\t\t\t<div class=\"elementor-element elementor-element-3e52332 elementor-view-default elementor-widget elementor-widget-icon\" data-id=\"3e52332\" data-element_type=\"widget\" data-e-type=\"widget\" data-widget_type=\"icon.default\">\n\t\t\t\t<div class=\"elementor-widget-container\">\n\t\t\t\t\t\t\t<div class=\"elementor-icon-wrapper\">\n\t\t\t<div class=\"elementor-icon\">\n\t\t\t<svg xmlns=\"http:\/\/www.w3.org\/2000\/svg\" id=\"uuid-13194d70-4184-46e2-bcf1-a61dcab27abe\" width=\"10\" height=\"55\" viewbox=\"0 0 10 55\"><rect x=\"4.55\" y=\".55\" width=\".89\" height=\"53.89\" style=\"fill:#fff;\"><\/rect><polygon points=\"6 0 4 0 4 55 6 55 6 0 6 0\"><\/polygon><\/svg>\t\t\t<\/div>\n\t\t<\/div>\n\t\t\t\t\t\t<\/div>\n\t\t\t\t<\/div>\n\t\t\t\t\t<\/div>\n\t\t\t\t<\/div>\n\t\t<div class=\"elementor-element elementor-element-3d8b47d e-flex e-con-boxed e-con e-parent\" data-id=\"3d8b47d\" data-element_type=\"container\" data-e-type=\"container\">\n\t\t\t\t\t<div class=\"e-con-inner\">\n\t\t\t\t<div class=\"elementor-element elementor-element-8e676b0 elementor-widget elementor-widget-text-editor\" data-id=\"8e676b0\" data-element_type=\"widget\" data-e-type=\"widget\" data-widget_type=\"text-editor.default\">\n\t\t\t\t<div class=\"elementor-widget-container\">\n\t\t\t\t\t\t\t\t\t<p class=\"p1\">Este projeto nasce de um sonho pessoal de tornar este mundo um lugar melhor para todos e reflecte as muitas experi\u00eancias que acumulei trabalhando em pa\u00edses de todo o mundo e apoiando diferentes organiza\u00e7\u00f5es e profissionais que trabalham para ou com as crian\u00e7as. \u00c9 importante referir que este projeto tamb\u00e9m reflecte aquilo em que me tornei enquanto mulher. Acredito que cada um de n\u00f3s \u00e9 a soma de todas as nossas partes e experi\u00eancias e, atrav\u00e9s deste projeto, quero dar-vos toda a minha pessoa: especialista em direitos da crian\u00e7a, mulher e humanista. Quero que este projeto, preparado com tanta paix\u00e3o e cuidado, me reflicta tal como sou, na sua totalidade.\u00a0\u00a0<\/p><p class=\"p1\">Vivemos num mundo que precisa desesperadamente de empatia, amor e paz. Vivemos numa sociedade que precisa de se unir em prol da justi\u00e7a social. Durante quase duas d\u00e9cadas, trabalhei na defesa dos direitos das crian\u00e7as a n\u00edvel internacional, vi os desafios, mas tamb\u00e9m o potencial e o bom que existe nas pessoas. Este projeto nasceu em Estrasburgo, Fran\u00e7a, a partir do desejo de criar um mundo melhor para as crian\u00e7as viverem e prosperarem, mas tamb\u00e9m do desejo de ajudar os profissionais a tornarem-se uma vers\u00e3o melhor de si pr\u00f3prios, para as crian\u00e7as, mas tamb\u00e9m para eles pr\u00f3prios. Chamei a este projeto\u00a0<i>Cultivons l\u2019Empathie \u2013 <\/i>porque desejo que todos n\u00f3s nos ultrapassemos a n\u00f3s pr\u00f3prios, que sejamos capazes de olhar para as nossas atitudes em rela\u00e7\u00e3o \u00e0s crian\u00e7as e aos outros adultos, que questionemos o sistema e que comecemos a imaginar e, finalmente, a criar uma sociedade melhor para todos n\u00f3s. <strong>Ousemos sonhar<\/strong> que todas as crian\u00e7as, independentemente do local onde nasceram, de quem s\u00e3o os seus pais, da l\u00edngua que falam ou da sua personalidade e necessidades individuais, ter\u00e3o verdadeiramente a oportunidade de atingir o seu potencial humano. Ousemos imaginar que podemos criar sociedades justas, compassivas, acolhedoras da diferen\u00e7a, pr\u00f3speras e igualit\u00e1rias. <strong>Ousemos criar um mundo melhor<\/strong>.<\/p><p class=\"p1\">Tal como o pequeno colibri que representa este espa\u00e7o, tamb\u00e9m eu quero dar o meu contributo. Quero continuar a apoiar as institui\u00e7\u00f5es na elabora\u00e7\u00e3o de estrat\u00e9gias, planos de a\u00e7\u00e3o, instrumentos de avalia\u00e7\u00e3o ou outras iniciativas institucionais. Quero refor\u00e7ar a forma\u00e7\u00e3o dos profissionais que trabalham diretamente com as crian\u00e7as, atrav\u00e9s da divulga\u00e7\u00e3o de livros, cursos tem\u00e1ticos e outros recursos. Mas, acima de tudo, sonho que este espa\u00e7o possa inspirar, desafiar e servir de incubadora de ideias e, quem sabe, de movimento de luta por um mundo diferente.<\/p><p class=\"p1\">Neste espa\u00e7o, encontrar\u00e1s:<\/p><ul><li>Artigos de discuss\u00e3o, onde apresentarei os meus pensamentos e ideias sobre a forma como vejo o mundo e como o podemos melhorar;<\/li><li class=\"p1\">Conhecimentos pr\u00e1ticos, ferramentas e outros recursos sobre os direitos da crian\u00e7a e a forma como podem ser traduzidos na pr\u00e1tica nos dom\u00ednios da sa\u00fade, da educa\u00e7\u00e3o, da governa\u00e7\u00e3o local e noutros contextos;<\/li><li class=\"p1\">Semin\u00e1rios online e cursos para profissionais e estudantes;<\/li><li class=\"p1\">Livros;<\/li><li class=\"p1\">Not\u00edcias e outra informa\u00e7\u00e3o de interesse.\u00a0<\/li><\/ul><p class=\"p1\">Espero que gostem, que seja \u00fatil para o vosso trabalho e que vos sirva de inspira\u00e7\u00e3o.<\/p><p>At\u00e9 j\u00e1,<br \/>Ana\u00a0<\/p>\t\t\t\t\t\t\t\t<\/div>\n\t\t\t\t<\/div>\n\t\t\t\t\t<\/div>\n\t\t\t\t<\/div>\n\t\t<div class=\"elementor-element elementor-element-b904ffb e-flex e-con-boxed e-con e-parent\" data-id=\"b904ffb\" data-element_type=\"container\" data-e-type=\"container\">\n\t\t\t\t\t<div class=\"e-con-inner\">\n\t\t\t\t<div class=\"elementor-element elementor-element-661b065 elementor-widget elementor-widget-heading\" data-id=\"661b065\" data-element_type=\"widget\" data-e-type=\"widget\" data-widget_type=\"heading.default\">\n\t\t\t\t<div class=\"elementor-widget-container\">\n\t\t\t\t\t<h2 class=\"elementor-heading-title elementor-size-default\">Sobre mim<br><\/h2>\t\t\t\t<\/div>\n\t\t\t\t<\/div>\n\t\t\t\t\t<\/div>\n\t\t\t\t<\/div>\n\t\t<div class=\"elementor-element elementor-element-bddf8c1 e-flex e-con-boxed e-con e-parent\" data-id=\"bddf8c1\" data-element_type=\"container\" data-e-type=\"container\">\n\t\t\t\t\t<div class=\"e-con-inner\">\n\t\t\t\t<div class=\"elementor-element elementor-element-409be1a elementor-widget__width-initial elementor-widget elementor-widget-image\" data-id=\"409be1a\" data-element_type=\"widget\" data-e-type=\"widget\" data-widget_type=\"image.default\">\n\t\t\t\t<div class=\"elementor-widget-container\">\n\t\t\t\t\t\t\t\t\t\t\t\t\t\t\t<img fetchpriority=\"high\" decoding=\"async\" width=\"943\" height=\"1024\" src=\"https:\/\/www.cultivonslempathie.com\/wp-content\/uploads\/Ana-WHO-meeting-943x1024.png\" class=\"attachment-large size-large wp-image-1818\" alt=\"\" srcset=\"https:\/\/www.cultivonslempathie.com\/wp-content\/uploads\/Ana-WHO-meeting-943x1024.png 943w, https:\/\/www.cultivonslempathie.com\/wp-content\/uploads\/Ana-WHO-meeting-276x300.png 276w, https:\/\/www.cultivonslempathie.com\/wp-content\/uploads\/Ana-WHO-meeting-768x834.png 768w, https:\/\/www.cultivonslempathie.com\/wp-content\/uploads\/Ana-WHO-meeting-1415x1536.png 1415w, https:\/\/www.cultivonslempathie.com\/wp-content\/uploads\/Ana-WHO-meeting-11x12.png 11w, https:\/\/www.cultivonslempathie.com\/wp-content\/uploads\/Ana-WHO-meeting-600x651.png 600w, https:\/\/www.cultivonslempathie.com\/wp-content\/uploads\/Ana-WHO-meeting.png 1506w\" sizes=\"(max-width: 943px) 100vw, 943px\" \/>\t\t\t\t\t\t\t\t\t\t\t\t\t\t\t<\/div>\n\t\t\t\t<\/div>\n\t\t\t\t<div class=\"elementor-element elementor-element-b42ec28 elementor-widget elementor-widget-text-editor\" data-id=\"b42ec28\" data-element_type=\"widget\" data-e-type=\"widget\" data-widget_type=\"text-editor.default\">\n\t\t\t\t<div class=\"elementor-widget-container\">\n\t\t\t\t\t\t\t\t\t<p>O meu nome \u00e9 Ana Isabel F. Guerreiro e sou uma perita internacional em direitos da crian\u00e7a. O meu trabalho centra-se na melhoria da vida das crian\u00e7as atrav\u00e9s do desenvolvimento de estrat\u00e9gias e programas, da melhoria dos servi\u00e7os e da forma\u00e7\u00e3o de profissionais em diferentes contextos. Tenho implementado projectos e colaborado com v\u00e1rios tipos de organiza\u00e7\u00f5es governamentais e n\u00e3o governamentais em v\u00e1rios pa\u00edses da Europa, \u00c1sia Central, M\u00e9dio Oriente e Estados Unidos da Am\u00e9rica. Durante v\u00e1rios anos colaborei com o Comit\u00e9 Regional da Organiza\u00e7\u00e3o Mundial de Sa\u00fade para a Europa, para o qual desenvolvi ferramentas, estrat\u00e9gias e procedimentos, utilizando a Conven\u00e7\u00e3o das Na\u00e7\u00f5es Unidas sobre os Direitos da Crian\u00e7a como base para melhorar a qualidade dos cuidados prestados \u00e0s crian\u00e7as. Tamb\u00e9m trabalhei com a UNICEF para divulgar e implementar a Iniciativa Cidades Amigas da Crian\u00e7a. Desde 2017, tenho vindo a colaborar neste contexto com o Munic\u00edpio de Cascais, Portugal. Em 2022, lancei a s\u00e9rie de livros \"Direitos das Crian\u00e7as na Pr\u00e1tica\". Tamb\u00e9m publiquei v\u00e1rios artigos relevantes para os direitos das crian\u00e7as em revistas cient\u00edficas.<\/p><p>Hoje, quero inspirar profissionais, pais e outros adultos a questionar e melhorar os servi\u00e7os existentes, o sistema e a sociedade que cri\u00e1mos para as crian\u00e7as.\u00a0<\/p>\t\t\t\t\t\t\t\t<\/div>\n\t\t\t\t<\/div>\n\t\t\t\t\t<\/div>\n\t\t\t\t<\/div>\n\t\t\t\t<\/div>","protected":false},"excerpt":{"rendered":"<p>PRESENTATION This project is born out of a long-term personal dream to make this world a better place for all. It reflects the many experiences I have accumulated working in countries around the globe and supporting different organisations and professionals working for or with children. Importantly, this project also reflects who I have become as [&hellip;]<\/p>\n","protected":false},"author":1,"featured_media":0,"parent":0,"menu_order":0,"comment_status":"closed","ping_status":"closed","template":"elementor_header_footer","meta":{"inline_featured_image":false,"footnotes":""},"class_list":["post-943","page","type-page","status-publish","hentry"],"blocksy_meta":[],"yoast_head":"<!-- This site is optimized with the Yoast SEO plugin v27.4 - https:\/\/yoast.com\/product\/yoast-seo-wordpress\/ -->\n<title>Presentation - Cultivons l&#039;empathie<\/title>\n<meta name=\"robots\" content=\"index, follow, max-snippet:-1, max-image-preview:large, max-video-preview:-1\" \/>\n<link rel=\"canonical\" href=\"https:\/\/www.cultivonslempathie.com\/pt\/presentation\/\" \/>\n<meta property=\"og:locale\" content=\"pt_PT\" \/>\n<meta property=\"og:type\" content=\"article\" \/>\n<meta property=\"og:title\" content=\"Presentation - Cultivons l&#039;empathie\" \/>\n<meta property=\"og:description\" content=\"PRESENTATION This project is born out of a long-term personal dream to make this world a better place for all. It reflects the many experiences I have accumulated working in countries around the globe and supporting different organisations and professionals working for or with children. Importantly, this project also reflects who I have become as [&hellip;]\" \/>\n<meta property=\"og:url\" content=\"https:\/\/www.cultivonslempathie.com\/pt\/presentation\/\" \/>\n<meta property=\"og:site_name\" content=\"Cultivons l&#039;empathie\" \/>\n<meta property=\"article:modified_time\" content=\"2024-03-12T16:49:44+00:00\" \/>\n<meta property=\"og:image\" content=\"https:\/\/www.cultivonslempathie.com\/wp-content\/uploads\/Ana-WHO-meeting-943x1024.png\" \/>\n<meta name=\"twitter:card\" content=\"summary_large_image\" \/>\n<meta name=\"twitter:label1\" content=\"Tempo estimado de leitura\" \/>\n\t<meta name=\"twitter:data1\" content=\"4 minutos\" \/>\n<script type=\"application\/ld+json\" class=\"yoast-schema-graph\">{\"@context\":\"https:\\\/\\\/schema.org\",\"@graph\":[{\"@type\":\"WebPage\",\"@id\":\"https:\\\/\\\/www.cultivonslempathie.com\\\/presentation\\\/\",\"url\":\"https:\\\/\\\/www.cultivonslempathie.com\\\/presentation\\\/\",\"name\":\"Presentation - Cultivons l&#039;empathie\",\"isPartOf\":{\"@id\":\"https:\\\/\\\/www.cultivonslempathie.com\\\/#website\"},\"primaryImageOfPage\":{\"@id\":\"https:\\\/\\\/www.cultivonslempathie.com\\\/presentation\\\/#primaryimage\"},\"image\":{\"@id\":\"https:\\\/\\\/www.cultivonslempathie.com\\\/presentation\\\/#primaryimage\"},\"thumbnailUrl\":\"https:\\\/\\\/www.cultivonslempathie.com\\\/wp-content\\\/uploads\\\/Ana-WHO-meeting-943x1024.png\",\"datePublished\":\"2024-01-04T12:34:32+00:00\",\"dateModified\":\"2024-03-12T16:49:44+00:00\",\"breadcrumb\":{\"@id\":\"https:\\\/\\\/www.cultivonslempathie.com\\\/presentation\\\/#breadcrumb\"},\"inLanguage\":\"pt-PT\",\"potentialAction\":[{\"@type\":\"ReadAction\",\"target\":[\"https:\\\/\\\/www.cultivonslempathie.com\\\/presentation\\\/\"]}]},{\"@type\":\"ImageObject\",\"inLanguage\":\"pt-PT\",\"@id\":\"https:\\\/\\\/www.cultivonslempathie.com\\\/presentation\\\/#primaryimage\",\"url\":\"https:\\\/\\\/www.cultivonslempathie.com\\\/wp-content\\\/uploads\\\/Ana-WHO-meeting-943x1024.png\",\"contentUrl\":\"https:\\\/\\\/www.cultivonslempathie.com\\\/wp-content\\\/uploads\\\/Ana-WHO-meeting-943x1024.png\"},{\"@type\":\"BreadcrumbList\",\"@id\":\"https:\\\/\\\/www.cultivonslempathie.com\\\/presentation\\\/#breadcrumb\",\"itemListElement\":[{\"@type\":\"ListItem\",\"position\":1,\"name\":\"Home\",\"item\":\"https:\\\/\\\/www.cultivonslempathie.com\\\/\"},{\"@type\":\"ListItem\",\"position\":2,\"name\":\"Presentation\"}]},{\"@type\":\"WebSite\",\"@id\":\"https:\\\/\\\/www.cultivonslempathie.com\\\/#website\",\"url\":\"https:\\\/\\\/www.cultivonslempathie.com\\\/\",\"name\":\"Cultivons l&#039;empathie\",\"description\":\"\",\"publisher\":{\"@id\":\"https:\\\/\\\/www.cultivonslempathie.com\\\/#organization\"},\"potentialAction\":[{\"@type\":\"SearchAction\",\"target\":{\"@type\":\"EntryPoint\",\"urlTemplate\":\"https:\\\/\\\/www.cultivonslempathie.com\\\/?s={search_term_string}\"},\"query-input\":{\"@type\":\"PropertyValueSpecification\",\"valueRequired\":true,\"valueName\":\"search_term_string\"}}],\"inLanguage\":\"pt-PT\"},{\"@type\":\"Organization\",\"@id\":\"https:\\\/\\\/www.cultivonslempathie.com\\\/#organization\",\"name\":\"Cultivons l&#039;empathie\",\"url\":\"https:\\\/\\\/www.cultivonslempathie.com\\\/\",\"logo\":{\"@type\":\"ImageObject\",\"inLanguage\":\"pt-PT\",\"@id\":\"https:\\\/\\\/www.cultivonslempathie.com\\\/#\\\/schema\\\/logo\\\/image\\\/\",\"url\":\"https:\\\/\\\/www.cultivonslempathie.com\\\/wp-content\\\/uploads\\\/logo-cultivonslempathie.svg\",\"contentUrl\":\"https:\\\/\\\/www.cultivonslempathie.com\\\/wp-content\\\/uploads\\\/logo-cultivonslempathie.svg\",\"width\":600,\"height\":600,\"caption\":\"Cultivons l&#039;empathie\"},\"image\":{\"@id\":\"https:\\\/\\\/www.cultivonslempathie.com\\\/#\\\/schema\\\/logo\\\/image\\\/\"}}]}<\/script>\n<!-- \/ Yoast SEO plugin. -->","yoast_head_json":{"title":"Presentation - Cultivons l&#039;empathie","robots":{"index":"index","follow":"follow","max-snippet":"max-snippet:-1","max-image-preview":"max-image-preview:large","max-video-preview":"max-video-preview:-1"},"canonical":"https:\/\/www.cultivonslempathie.com\/pt\/presentation\/","og_locale":"pt_PT","og_type":"article","og_title":"Presentation - Cultivons l&#039;empathie","og_description":"PRESENTATION This project is born out of a long-term personal dream to make this world a better place for all. It reflects the many experiences I have accumulated working in countries around the globe and supporting different organisations and professionals working for or with children. Importantly, this project also reflects who I have become as [&hellip;]","og_url":"https:\/\/www.cultivonslempathie.com\/pt\/presentation\/","og_site_name":"Cultivons l&#039;empathie","article_modified_time":"2024-03-12T16:49:44+00:00","og_image":[{"url":"https:\/\/www.cultivonslempathie.com\/wp-content\/uploads\/Ana-WHO-meeting-943x1024.png","type":"","width":"","height":""}],"twitter_card":"summary_large_image","twitter_misc":{"Tempo estimado de leitura":"4 minutos"},"schema":{"@context":"https:\/\/schema.org","@graph":[{"@type":"WebPage","@id":"https:\/\/www.cultivonslempathie.com\/presentation\/","url":"https:\/\/www.cultivonslempathie.com\/presentation\/","name":"Presentation - Cultivons l&#039;empathie","isPartOf":{"@id":"https:\/\/www.cultivonslempathie.com\/#website"},"primaryImageOfPage":{"@id":"https:\/\/www.cultivonslempathie.com\/presentation\/#primaryimage"},"image":{"@id":"https:\/\/www.cultivonslempathie.com\/presentation\/#primaryimage"},"thumbnailUrl":"https:\/\/www.cultivonslempathie.com\/wp-content\/uploads\/Ana-WHO-meeting-943x1024.png","datePublished":"2024-01-04T12:34:32+00:00","dateModified":"2024-03-12T16:49:44+00:00","breadcrumb":{"@id":"https:\/\/www.cultivonslempathie.com\/presentation\/#breadcrumb"},"inLanguage":"pt-PT","potentialAction":[{"@type":"ReadAction","target":["https:\/\/www.cultivonslempathie.com\/presentation\/"]}]},{"@type":"ImageObject","inLanguage":"pt-PT","@id":"https:\/\/www.cultivonslempathie.com\/presentation\/#primaryimage","url":"https:\/\/www.cultivonslempathie.com\/wp-content\/uploads\/Ana-WHO-meeting-943x1024.png","contentUrl":"https:\/\/www.cultivonslempathie.com\/wp-content\/uploads\/Ana-WHO-meeting-943x1024.png"},{"@type":"BreadcrumbList","@id":"https:\/\/www.cultivonslempathie.com\/presentation\/#breadcrumb","itemListElement":[{"@type":"ListItem","position":1,"name":"Home","item":"https:\/\/www.cultivonslempathie.com\/"},{"@type":"ListItem","position":2,"name":"Presentation"}]},{"@type":"WebSite","@id":"https:\/\/www.cultivonslempathie.com\/#website","url":"https:\/\/www.cultivonslempathie.com\/","name":"Cultivons l&#039;empathie","description":"","publisher":{"@id":"https:\/\/www.cultivonslempathie.com\/#organization"},"potentialAction":[{"@type":"SearchAction","target":{"@type":"EntryPoint","urlTemplate":"https:\/\/www.cultivonslempathie.com\/?s={search_term_string}"},"query-input":{"@type":"PropertyValueSpecification","valueRequired":true,"valueName":"search_term_string"}}],"inLanguage":"pt-PT"},{"@type":"Organization","@id":"https:\/\/www.cultivonslempathie.com\/#organization","name":"Cultivons l&#039;empathie","url":"https:\/\/www.cultivonslempathie.com\/","logo":{"@type":"ImageObject","inLanguage":"pt-PT","@id":"https:\/\/www.cultivonslempathie.com\/#\/schema\/logo\/image\/","url":"https:\/\/www.cultivonslempathie.com\/wp-content\/uploads\/logo-cultivonslempathie.svg","contentUrl":"https:\/\/www.cultivonslempathie.com\/wp-content\/uploads\/logo-cultivonslempathie.svg","width":600,"height":600,"caption":"Cultivons l&#039;empathie"},"image":{"@id":"https:\/\/www.cultivonslempathie.com\/#\/schema\/logo\/image\/"}}]}},"_links":{"self":[{"href":"https:\/\/www.cultivonslempathie.com\/pt\/wp-json\/wp\/v2\/pages\/943","targetHints":{"allow":["GET"]}}],"collection":[{"href":"https:\/\/www.cultivonslempathie.com\/pt\/wp-json\/wp\/v2\/pages"}],"about":[{"href":"https:\/\/www.cultivonslempathie.com\/pt\/wp-json\/wp\/v2\/types\/page"}],"author":[{"embeddable":true,"href":"https:\/\/www.cultivonslempathie.com\/pt\/wp-json\/wp\/v2\/users\/1"}],"replies":[{"embeddable":true,"href":"https:\/\/www.cultivonslempathie.com\/pt\/wp-json\/wp\/v2\/comments?post=943"}],"version-history":[{"count":66,"href":"https:\/\/www.cultivonslempathie.com\/pt\/wp-json\/wp\/v2\/pages\/943\/revisions"}],"predecessor-version":[{"id":2332,"href":"https:\/\/www.cultivonslempathie.com\/pt\/wp-json\/wp\/v2\/pages\/943\/revisions\/2332"}],"wp:attachment":[{"href":"https:\/\/www.cultivonslempathie.com\/pt\/wp-json\/wp\/v2\/media?parent=943"}],"curies":[{"name":"wp","href":"https:\/\/api.w.org\/{rel}","templated":true}]}}