{"id":3444,"date":"2026-03-07T12:13:24","date_gmt":"2026-03-07T11:13:24","guid":{"rendered":"https:\/\/www.cultivonslempathie.com\/?page_id=3444"},"modified":"2026-03-07T12:39:52","modified_gmt":"2026-03-07T11:39:52","slug":"ecology","status":"publish","type":"page","link":"https:\/\/www.cultivonslempathie.com\/pt\/ecology\/","title":{"rendered":"Ecologia"},"content":{"rendered":"<div data-elementor-type=\"wp-page\" data-elementor-id=\"3444\" class=\"elementor elementor-3444\" data-elementor-post-type=\"page\">\n\t\t\t\t\t\t<section class=\"elementor-section elementor-top-section elementor-element elementor-element-6239bf01 elementor-section-full_width elementor-section-height-min-height ct-section-stretched elementor-section-height-default elementor-section-items-middle\" data-id=\"6239bf01\" data-element_type=\"section\" data-e-type=\"section\" data-settings=\"{&quot;background_background&quot;:&quot;classic&quot;}\">\n\t\t\t\t\t\t<div class=\"elementor-container elementor-column-gap-default\">\n\t\t\t\t\t<div class=\"elementor-column elementor-col-100 elementor-top-column elementor-element elementor-element-26ab2d10\" data-id=\"26ab2d10\" data-element_type=\"column\" data-e-type=\"column\">\n\t\t\t<div class=\"elementor-widget-wrap elementor-element-populated\">\n\t\t\t\t\t\t\t<\/div>\n\t\t<\/div>\n\t\t\t\t\t<\/div>\n\t\t<\/section>\n\t\t\t\t<section class=\"elementor-section elementor-top-section elementor-element elementor-element-5f1c0bb9 elementor-section-boxed elementor-section-height-default elementor-section-height-default\" data-id=\"5f1c0bb9\" data-element_type=\"section\" data-e-type=\"section\">\n\t\t\t\t\t\t<div class=\"elementor-container elementor-column-gap-default\">\n\t\t\t\t\t<div class=\"elementor-column elementor-col-100 elementor-top-column elementor-element elementor-element-146830f\" data-id=\"146830f\" data-element_type=\"column\" data-e-type=\"column\">\n\t\t\t<div class=\"elementor-widget-wrap elementor-element-populated\">\n\t\t\t\t\t\t<div class=\"elementor-element elementor-element-10e182a8 elementor-widget elementor-widget-text-editor\" data-id=\"10e182a8\" data-element_type=\"widget\" data-e-type=\"widget\" data-widget_type=\"text-editor.default\">\n\t\t\t\t<div class=\"elementor-widget-container\">\n\t\t\t\t\t\t\t\t\t<p>A ecologia sempre fez parte da minha vida. N\u00e3o sei explicar de onde veio este impulso de proteger o meio-ambiente e da justi\u00e7a social. Um e outro sempre estiveram ligados e em mim desde tenra idade. Perdida no meio de Albufeira em crian\u00e7a, onde n\u00e3o existia uma \u00fanica livraria, eu tinha a assinatura em papel da Newsletter da Greenpeace, que me chegava pelo correio. Em Inglaterra, ganhei consci\u00eancia do vegetarianismo e abandonei a carne h\u00e1 mais de vinte anos. Esse foi um momento de consolida\u00e7\u00e3o da minha consci\u00eancia ecol\u00f3gica. A partir do momento em que refletimos sobre a nossa alimenta\u00e7\u00e3o, vamos procurar perceber como funciona todo o sistema de produ\u00e7\u00e3o e distribui\u00e7\u00e3o alimentar, mas tamb\u00e9m, quais as necessidades do nosso corpo e por a\u00ed fora. Os pequenos gestos fazem parte do meu quotidiano, mas hoje j\u00e1 n\u00e3o chegam. Fomos demasiado longe em termos do impacto ambiental e as nossas respostas s\u00e3o insuficientes. Espero que este espa\u00e7o ajude a desconstruir mitos e, sobretudo a construir pontes, pois existe muita incompreens\u00e3o nesta \u00e1rea.<\/p><p>\u00a0<\/p>\t\t\t\t\t\t\t\t<\/div>\n\t\t\t\t<\/div>\n\t\t\t\t\t<\/div>\n\t\t<\/div>\n\t\t\t\t\t<\/div>\n\t\t<\/section>\n\t\t<div class=\"elementor-element elementor-element-2a7caf88 e-flex e-con-boxed e-con e-parent\" data-id=\"2a7caf88\" data-element_type=\"container\" data-e-type=\"container\">\n\t\t\t\t\t<div class=\"e-con-inner\">\n\t\t\t\t<div class=\"elementor-element elementor-element-64ddec05 elementor-view-default elementor-widget elementor-widget-icon\" data-id=\"64ddec05\" data-element_type=\"widget\" data-e-type=\"widget\" data-widget_type=\"icon.default\">\n\t\t\t\t<div class=\"elementor-widget-container\">\n\t\t\t\t\t\t\t<div class=\"elementor-icon-wrapper\">\n\t\t\t<div class=\"elementor-icon\">\n\t\t\t<svg aria-hidden=\"true\" class=\"e-font-icon-svg e-fas-arrow-circle-down\" viewbox=\"0 0 512 512\" xmlns=\"http:\/\/www.w3.org\/2000\/svg\"><path d=\"M504 256c0 137-111 248-248 248S8 393 8 256 119 8 256 8s248 111 248 248zm-143.6-28.9L288 302.6V120c0-13.3-10.7-24-24-24h-16c-13.3 0-24 10.7-24 24v182.6l-72.4-75.5c-9.3-9.7-24.8-9.9-34.3-.4l-10.9 11c-9.4 9.4-9.4 24.6 0 33.9L239 404.3c9.4 9.4 24.6 9.4 33.9 0l132.7-132.7c9.4-9.4 9.4-24.6 0-33.9l-10.9-11c-9.5-9.5-25-9.3-34.3.4z\"><\/path><\/svg>\t\t\t<\/div>\n\t\t<\/div>\n\t\t\t\t\t\t<\/div>\n\t\t\t\t<\/div>\n\t\t\t\t\t<\/div>\n\t\t\t\t<\/div>\n\t\t<div class=\"elementor-element elementor-element-56feeb02 e-con-full e-flex e-con e-parent\" data-id=\"56feeb02\" data-element_type=\"container\" data-e-type=\"container\" data-settings=\"{&quot;background_background&quot;:&quot;classic&quot;}\">\n\t\t\t\t<div class=\"elementor-element elementor-element-6c6bcbdb elementor-widget elementor-widget-spacer\" data-id=\"6c6bcbdb\" data-element_type=\"widget\" data-e-type=\"widget\" data-widget_type=\"spacer.default\">\n\t\t\t\t<div class=\"elementor-widget-container\">\n\t\t\t\t\t\t\t<div class=\"elementor-spacer\">\n\t\t\t<div class=\"elementor-spacer-inner\"><\/div>\n\t\t<\/div>\n\t\t\t\t\t\t<\/div>\n\t\t\t\t<\/div>\n\t\t\t\t<div class=\"elementor-element elementor-element-7b9f3a25 elementor-grid-4 elementor-grid-tablet-2 elementor-grid-mobile-1 elementor-posts--thumbnail-top elementor-card-shadow-yes elementor-posts__hover-gradient elementor-widget elementor-widget-posts\" data-id=\"7b9f3a25\" data-element_type=\"widget\" data-e-type=\"widget\" data-settings=\"{&quot;cards_columns&quot;:&quot;4&quot;,&quot;cards_columns_tablet&quot;:&quot;2&quot;,&quot;cards_columns_mobile&quot;:&quot;1&quot;,&quot;cards_row_gap&quot;:{&quot;unit&quot;:&quot;px&quot;,&quot;size&quot;:35,&quot;sizes&quot;:[]},&quot;cards_row_gap_tablet&quot;:{&quot;unit&quot;:&quot;px&quot;,&quot;size&quot;:&quot;&quot;,&quot;sizes&quot;:[]},&quot;cards_row_gap_mobile&quot;:{&quot;unit&quot;:&quot;px&quot;,&quot;size&quot;:&quot;&quot;,&quot;sizes&quot;:[]}}\" data-widget_type=\"posts.cards\">\n\t\t\t\t<div class=\"elementor-widget-container\">\n\t\t\t\t\t\t\t<div class=\"elementor-posts-container elementor-posts elementor-posts--skin-cards elementor-grid\" role=\"list\">\n\t\t\t\t<article class=\"elementor-post elementor-grid-item post-3458 post type-post status-publish format-standard has-post-thumbnail hentry category-ecology category-news\" role=\"listitem\">\n\t\t\t<div class=\"elementor-post__card\">\n\t\t\t\t<a class=\"elementor-post__thumbnail__link\" href=\"https:\/\/www.cultivonslempathie.com\/pt\/childrens-right-to-the-environment\/\" tabindex=\"-1\" ><div class=\"elementor-post__thumbnail\"><img fetchpriority=\"high\" decoding=\"async\" width=\"1024\" height=\"765\" src=\"https:\/\/www.cultivonslempathie.com\/wp-content\/uploads\/Media-3-1024x765.png\" class=\"attachment-large size-large wp-image-1496\" alt=\"\" srcset=\"https:\/\/www.cultivonslempathie.com\/wp-content\/uploads\/Media-3-1024x765.png 1024w, https:\/\/www.cultivonslempathie.com\/wp-content\/uploads\/Media-3-300x224.png 300w, https:\/\/www.cultivonslempathie.com\/wp-content\/uploads\/Media-3-768x574.png 768w, https:\/\/www.cultivonslempathie.com\/wp-content\/uploads\/Media-3-1536x1147.png 1536w, https:\/\/www.cultivonslempathie.com\/wp-content\/uploads\/Media-3-2048x1530.png 2048w, https:\/\/www.cultivonslempathie.com\/wp-content\/uploads\/Media-3-16x12.png 16w, https:\/\/www.cultivonslempathie.com\/wp-content\/uploads\/Media-3-600x448.png 600w\" sizes=\"(max-width: 1024px) 100vw, 1024px\" \/><\/div><\/a>\n\t\t\t\t<div class=\"elementor-post__badge\">Ecologia<\/div>\n\t\t\t\t<div class=\"elementor-post__text\">\n\t\t\t\t<h3 class=\"elementor-post__title\">\n\t\t\t<a href=\"https:\/\/www.cultivonslempathie.com\/pt\/childrens-right-to-the-environment\/\" >\n\t\t\t\tO direito das crian\u00e7as ao ambiente\t\t\t<\/a>\n\t\t<\/h3>\n\t\t\t\t<\/div>\n\t\t\t\t<div class=\"elementor-post__meta-data\">\n\t\t\t\t\t<span class=\"elementor-post-date\">\n\t\t\t07\/03\/2026\t\t<\/span>\n\t\t\t\t<\/div>\n\t\t\t\t\t<\/div>\n\t\t<\/article>\n\t\t\t\t<\/div>\n\t\t\n\t\t\t\t\t\t<\/div>\n\t\t\t\t<\/div>\n\t\t\t\t<div class=\"elementor-element elementor-element-49211e74 elementor-widget elementor-widget-spacer\" data-id=\"49211e74\" data-element_type=\"widget\" data-e-type=\"widget\" data-widget_type=\"spacer.default\">\n\t\t\t\t<div class=\"elementor-widget-container\">\n\t\t\t\t\t\t\t<div class=\"elementor-spacer\">\n\t\t\t<div class=\"elementor-spacer-inner\"><\/div>\n\t\t<\/div>\n\t\t\t\t\t\t<\/div>\n\t\t\t\t<\/div>\n\t\t\t\t<\/div>\n\t\t\t\t<\/div>","protected":false},"excerpt":{"rendered":"<p>Ecology has always been part of my life. I can&#8217;t explain where this urge to protect the environment and social justice came from. The two<\/p>","protected":false},"author":2,"featured_media":1329,"parent":0,"menu_order":0,"comment_status":"closed","ping_status":"closed","template":"elementor_header_footer","meta":{"inline_featured_image":false,"footnotes":""},"class_list":["post-3444","page","type-page","status-publish","has-post-thumbnail","hentry"],"blocksy_meta":[],"yoast_head":"<!-- This site is optimized with the Yoast SEO plugin v27.4 - https:\/\/yoast.com\/product\/yoast-seo-wordpress\/ -->\n<title>Ecology - Cultivons l&#039;empathie<\/title>\n<meta name=\"robots\" content=\"index, follow, max-snippet:-1, max-image-preview:large, max-video-preview:-1\" \/>\n<link rel=\"canonical\" href=\"https:\/\/www.cultivonslempathie.com\/pt\/ecology\/\" \/>\n<meta property=\"og:locale\" content=\"pt_PT\" \/>\n<meta property=\"og:type\" content=\"article\" \/>\n<meta property=\"og:title\" content=\"Ecology - Cultivons l&#039;empathie\" \/>\n<meta property=\"og:description\" content=\"Ecology has always been part of my life. I can&#8217;t explain where this urge to protect the environment and social justice came from. The two\" \/>\n<meta property=\"og:url\" content=\"https:\/\/www.cultivonslempathie.com\/pt\/ecology\/\" \/>\n<meta property=\"og:site_name\" content=\"Cultivons l&#039;empathie\" \/>\n<meta property=\"article:modified_time\" content=\"2026-03-07T11:39:52+00:00\" \/>\n<meta property=\"og:image\" content=\"https:\/\/www.cultivonslempathie.com\/wp-content\/uploads\/425358065_10223626206352973_1222247655857848749_n.jpg\" \/>\n\t<meta property=\"og:image:width\" content=\"2048\" \/>\n\t<meta property=\"og:image:height\" content=\"1365\" \/>\n\t<meta property=\"og:image:type\" content=\"image\/jpeg\" \/>\n<meta name=\"twitter:card\" content=\"summary_large_image\" \/>\n<meta name=\"twitter:label1\" content=\"Tempo estimado de leitura\" \/>\n\t<meta name=\"twitter:data1\" content=\"2 minutos\" \/>\n<script type=\"application\/ld+json\" class=\"yoast-schema-graph\">{\"@context\":\"https:\\\/\\\/schema.org\",\"@graph\":[{\"@type\":\"WebPage\",\"@id\":\"https:\\\/\\\/www.cultivonslempathie.com\\\/ecology\\\/\",\"url\":\"https:\\\/\\\/www.cultivonslempathie.com\\\/ecology\\\/\",\"name\":\"Ecology - Cultivons l&#039;empathie\",\"isPartOf\":{\"@id\":\"https:\\\/\\\/www.cultivonslempathie.com\\\/#website\"},\"primaryImageOfPage\":{\"@id\":\"https:\\\/\\\/www.cultivonslempathie.com\\\/ecology\\\/#primaryimage\"},\"image\":{\"@id\":\"https:\\\/\\\/www.cultivonslempathie.com\\\/ecology\\\/#primaryimage\"},\"thumbnailUrl\":\"https:\\\/\\\/www.cultivonslempathie.com\\\/wp-content\\\/uploads\\\/425358065_10223626206352973_1222247655857848749_n.jpg\",\"datePublished\":\"2026-03-07T11:13:24+00:00\",\"dateModified\":\"2026-03-07T11:39:52+00:00\",\"breadcrumb\":{\"@id\":\"https:\\\/\\\/www.cultivonslempathie.com\\\/ecology\\\/#breadcrumb\"},\"inLanguage\":\"pt-PT\",\"potentialAction\":[{\"@type\":\"ReadAction\",\"target\":[\"https:\\\/\\\/www.cultivonslempathie.com\\\/ecology\\\/\"]}]},{\"@type\":\"ImageObject\",\"inLanguage\":\"pt-PT\",\"@id\":\"https:\\\/\\\/www.cultivonslempathie.com\\\/ecology\\\/#primaryimage\",\"url\":\"https:\\\/\\\/www.cultivonslempathie.com\\\/wp-content\\\/uploads\\\/425358065_10223626206352973_1222247655857848749_n.jpg\",\"contentUrl\":\"https:\\\/\\\/www.cultivonslempathie.com\\\/wp-content\\\/uploads\\\/425358065_10223626206352973_1222247655857848749_n.jpg\",\"width\":2048,\"height\":1365,\"caption\":\"Processed with VSCO with a6pro preset\"},{\"@type\":\"BreadcrumbList\",\"@id\":\"https:\\\/\\\/www.cultivonslempathie.com\\\/ecology\\\/#breadcrumb\",\"itemListElement\":[{\"@type\":\"ListItem\",\"position\":1,\"name\":\"Home\",\"item\":\"https:\\\/\\\/www.cultivonslempathie.com\\\/\"},{\"@type\":\"ListItem\",\"position\":2,\"name\":\"Ecology\"}]},{\"@type\":\"WebSite\",\"@id\":\"https:\\\/\\\/www.cultivonslempathie.com\\\/#website\",\"url\":\"https:\\\/\\\/www.cultivonslempathie.com\\\/\",\"name\":\"Cultivons l&#039;empathie\",\"description\":\"\",\"publisher\":{\"@id\":\"https:\\\/\\\/www.cultivonslempathie.com\\\/#organization\"},\"potentialAction\":[{\"@type\":\"SearchAction\",\"target\":{\"@type\":\"EntryPoint\",\"urlTemplate\":\"https:\\\/\\\/www.cultivonslempathie.com\\\/?s={search_term_string}\"},\"query-input\":{\"@type\":\"PropertyValueSpecification\",\"valueRequired\":true,\"valueName\":\"search_term_string\"}}],\"inLanguage\":\"pt-PT\"},{\"@type\":\"Organization\",\"@id\":\"https:\\\/\\\/www.cultivonslempathie.com\\\/#organization\",\"name\":\"Cultivons l&#039;empathie\",\"url\":\"https:\\\/\\\/www.cultivonslempathie.com\\\/\",\"logo\":{\"@type\":\"ImageObject\",\"inLanguage\":\"pt-PT\",\"@id\":\"https:\\\/\\\/www.cultivonslempathie.com\\\/#\\\/schema\\\/logo\\\/image\\\/\",\"url\":\"https:\\\/\\\/www.cultivonslempathie.com\\\/wp-content\\\/uploads\\\/logo-cultivonslempathie.svg\",\"contentUrl\":\"https:\\\/\\\/www.cultivonslempathie.com\\\/wp-content\\\/uploads\\\/logo-cultivonslempathie.svg\",\"width\":600,\"height\":600,\"caption\":\"Cultivons l&#039;empathie\"},\"image\":{\"@id\":\"https:\\\/\\\/www.cultivonslempathie.com\\\/#\\\/schema\\\/logo\\\/image\\\/\"}}]}<\/script>\n<!-- \/ Yoast SEO plugin. -->","yoast_head_json":{"title":"Ecology - Cultivons l&#039;empathie","robots":{"index":"index","follow":"follow","max-snippet":"max-snippet:-1","max-image-preview":"max-image-preview:large","max-video-preview":"max-video-preview:-1"},"canonical":"https:\/\/www.cultivonslempathie.com\/pt\/ecology\/","og_locale":"pt_PT","og_type":"article","og_title":"Ecology - Cultivons l&#039;empathie","og_description":"Ecology has always been part of my life. I can&#8217;t explain where this urge to protect the environment and social justice came from. The two","og_url":"https:\/\/www.cultivonslempathie.com\/pt\/ecology\/","og_site_name":"Cultivons l&#039;empathie","article_modified_time":"2026-03-07T11:39:52+00:00","og_image":[{"width":2048,"height":1365,"url":"https:\/\/www.cultivonslempathie.com\/wp-content\/uploads\/425358065_10223626206352973_1222247655857848749_n.jpg","type":"image\/jpeg"}],"twitter_card":"summary_large_image","twitter_misc":{"Tempo estimado de leitura":"2 minutos"},"schema":{"@context":"https:\/\/schema.org","@graph":[{"@type":"WebPage","@id":"https:\/\/www.cultivonslempathie.com\/ecology\/","url":"https:\/\/www.cultivonslempathie.com\/ecology\/","name":"Ecology - Cultivons l&#039;empathie","isPartOf":{"@id":"https:\/\/www.cultivonslempathie.com\/#website"},"primaryImageOfPage":{"@id":"https:\/\/www.cultivonslempathie.com\/ecology\/#primaryimage"},"image":{"@id":"https:\/\/www.cultivonslempathie.com\/ecology\/#primaryimage"},"thumbnailUrl":"https:\/\/www.cultivonslempathie.com\/wp-content\/uploads\/425358065_10223626206352973_1222247655857848749_n.jpg","datePublished":"2026-03-07T11:13:24+00:00","dateModified":"2026-03-07T11:39:52+00:00","breadcrumb":{"@id":"https:\/\/www.cultivonslempathie.com\/ecology\/#breadcrumb"},"inLanguage":"pt-PT","potentialAction":[{"@type":"ReadAction","target":["https:\/\/www.cultivonslempathie.com\/ecology\/"]}]},{"@type":"ImageObject","inLanguage":"pt-PT","@id":"https:\/\/www.cultivonslempathie.com\/ecology\/#primaryimage","url":"https:\/\/www.cultivonslempathie.com\/wp-content\/uploads\/425358065_10223626206352973_1222247655857848749_n.jpg","contentUrl":"https:\/\/www.cultivonslempathie.com\/wp-content\/uploads\/425358065_10223626206352973_1222247655857848749_n.jpg","width":2048,"height":1365,"caption":"Processed with VSCO with a6pro preset"},{"@type":"BreadcrumbList","@id":"https:\/\/www.cultivonslempathie.com\/ecology\/#breadcrumb","itemListElement":[{"@type":"ListItem","position":1,"name":"Home","item":"https:\/\/www.cultivonslempathie.com\/"},{"@type":"ListItem","position":2,"name":"Ecology"}]},{"@type":"WebSite","@id":"https:\/\/www.cultivonslempathie.com\/#website","url":"https:\/\/www.cultivonslempathie.com\/","name":"Cultivons l&#039;empathie","description":"","publisher":{"@id":"https:\/\/www.cultivonslempathie.com\/#organization"},"potentialAction":[{"@type":"SearchAction","target":{"@type":"EntryPoint","urlTemplate":"https:\/\/www.cultivonslempathie.com\/?s={search_term_string}"},"query-input":{"@type":"PropertyValueSpecification","valueRequired":true,"valueName":"search_term_string"}}],"inLanguage":"pt-PT"},{"@type":"Organization","@id":"https:\/\/www.cultivonslempathie.com\/#organization","name":"Cultivons l&#039;empathie","url":"https:\/\/www.cultivonslempathie.com\/","logo":{"@type":"ImageObject","inLanguage":"pt-PT","@id":"https:\/\/www.cultivonslempathie.com\/#\/schema\/logo\/image\/","url":"https:\/\/www.cultivonslempathie.com\/wp-content\/uploads\/logo-cultivonslempathie.svg","contentUrl":"https:\/\/www.cultivonslempathie.com\/wp-content\/uploads\/logo-cultivonslempathie.svg","width":600,"height":600,"caption":"Cultivons l&#039;empathie"},"image":{"@id":"https:\/\/www.cultivonslempathie.com\/#\/schema\/logo\/image\/"}}]}},"_links":{"self":[{"href":"https:\/\/www.cultivonslempathie.com\/pt\/wp-json\/wp\/v2\/pages\/3444","targetHints":{"allow":["GET"]}}],"collection":[{"href":"https:\/\/www.cultivonslempathie.com\/pt\/wp-json\/wp\/v2\/pages"}],"about":[{"href":"https:\/\/www.cultivonslempathie.com\/pt\/wp-json\/wp\/v2\/types\/page"}],"author":[{"embeddable":true,"href":"https:\/\/www.cultivonslempathie.com\/pt\/wp-json\/wp\/v2\/users\/2"}],"replies":[{"embeddable":true,"href":"https:\/\/www.cultivonslempathie.com\/pt\/wp-json\/wp\/v2\/comments?post=3444"}],"version-history":[{"count":10,"href":"https:\/\/www.cultivonslempathie.com\/pt\/wp-json\/wp\/v2\/pages\/3444\/revisions"}],"predecessor-version":[{"id":3467,"href":"https:\/\/www.cultivonslempathie.com\/pt\/wp-json\/wp\/v2\/pages\/3444\/revisions\/3467"}],"wp:featuredmedia":[{"embeddable":true,"href":"https:\/\/www.cultivonslempathie.com\/pt\/wp-json\/wp\/v2\/media\/1329"}],"wp:attachment":[{"href":"https:\/\/www.cultivonslempathie.com\/pt\/wp-json\/wp\/v2\/media?parent=3444"}],"curies":[{"name":"wp","href":"https:\/\/api.w.org\/{rel}","templated":true}]}}