{"id":3406,"date":"2026-02-25T12:49:36","date_gmt":"2026-02-25T11:49:36","guid":{"rendered":"https:\/\/www.cultivonslempathie.com\/?page_id=3406"},"modified":"2026-03-01T13:15:10","modified_gmt":"2026-03-01T12:15:10","slug":"the-writing-life","status":"publish","type":"page","link":"https:\/\/www.cultivonslempathie.com\/pt\/the-writing-life\/","title":{"rendered":"Vida de escritora"},"content":{"rendered":"<div data-elementor-type=\"wp-page\" data-elementor-id=\"3406\" class=\"elementor elementor-3406\" data-elementor-post-type=\"page\">\n\t\t\t\t\t\t<section class=\"elementor-section elementor-top-section elementor-element elementor-element-2fd1aa19 elementor-section-full_width elementor-section-height-min-height ct-section-stretched elementor-section-height-default elementor-section-items-middle\" data-id=\"2fd1aa19\" data-element_type=\"section\" data-e-type=\"section\" data-settings=\"{&quot;background_background&quot;:&quot;classic&quot;}\">\n\t\t\t\t\t\t<div class=\"elementor-container elementor-column-gap-default\">\n\t\t\t\t\t<div class=\"elementor-column elementor-col-100 elementor-top-column elementor-element elementor-element-7e40b433\" data-id=\"7e40b433\" data-element_type=\"column\" data-e-type=\"column\">\n\t\t\t<div class=\"elementor-widget-wrap elementor-element-populated\">\n\t\t\t\t\t\t\t<\/div>\n\t\t<\/div>\n\t\t\t\t\t<\/div>\n\t\t<\/section>\n\t\t\t\t<section class=\"elementor-section elementor-top-section elementor-element elementor-element-704ac188 elementor-section-boxed elementor-section-height-default elementor-section-height-default\" data-id=\"704ac188\" data-element_type=\"section\" data-e-type=\"section\">\n\t\t\t\t\t\t<div class=\"elementor-container elementor-column-gap-default\">\n\t\t\t\t\t<div class=\"elementor-column elementor-col-100 elementor-top-column elementor-element elementor-element-28fad06\" data-id=\"28fad06\" data-element_type=\"column\" data-e-type=\"column\">\n\t\t\t<div class=\"elementor-widget-wrap elementor-element-populated\">\n\t\t\t\t\t\t<div class=\"elementor-element elementor-element-34e3718 elementor-widget elementor-widget-text-editor\" data-id=\"34e3718\" data-element_type=\"widget\" data-e-type=\"widget\" data-widget_type=\"text-editor.default\">\n\t\t\t\t<div class=\"elementor-widget-container\">\n\t\t\t\t\t\t\t\t\t<p>Andei a vida inteira \u00e0 procura de aprender a escrever para poder ser escritora. O que eu n\u00e3o tinha percebido, \u00e9 que se <em>nasce<\/em> escritor, como se nasce pintor ou dan\u00e7arino. O que falta \u00e9 criar o espa\u00e7o de cria\u00e7\u00e3o, percebermos que a arte \u00e9 uma necessidade vital, n\u00e3o um ap\u00eandice, uma atividade de lazer ou distra\u00e7\u00e3o. Nasce-se artista e n\u00e3o podemos fugir dessa condi\u00e7\u00e3o.<\/p><p>Para criar \u00e9 preciso aceitar esta simples premissa.<\/p><p>Sem o saber, a minha vida mudou radicalmente quando decidi colocar a escrita no centro da minha vida. Antes, nunca estava no s\u00edtio certo. Agora, estou exatamente onde deveria estar. Eu adapto o meu trabalho remunerado em fun\u00e7\u00e3o da escrita e n\u00e3o ao contr\u00e1rio. Tenho dias inteiros em que escrevo, leio, tomo notas, reflito. A minha vida passou a ser um movimento para a escrita.<\/p><p>A liberdade est\u00e1 neste meu novo espa\u00e7o.<\/p><p>Aqui vos deixo fragmentos desta vida de escritora.<\/p>\t\t\t\t\t\t\t\t<\/div>\n\t\t\t\t<\/div>\n\t\t\t\t\t<\/div>\n\t\t<\/div>\n\t\t\t\t\t<\/div>\n\t\t<\/section>\n\t\t<div class=\"elementor-element elementor-element-570f59a3 e-flex e-con-boxed e-con e-parent\" data-id=\"570f59a3\" data-element_type=\"container\" data-e-type=\"container\">\n\t\t\t\t\t<div class=\"e-con-inner\">\n\t\t\t\t<div class=\"elementor-element elementor-element-7161ad8 elementor-view-default elementor-widget elementor-widget-icon\" data-id=\"7161ad8\" data-element_type=\"widget\" data-e-type=\"widget\" data-widget_type=\"icon.default\">\n\t\t\t\t<div class=\"elementor-widget-container\">\n\t\t\t\t\t\t\t<div class=\"elementor-icon-wrapper\">\n\t\t\t<div class=\"elementor-icon\">\n\t\t\t<svg aria-hidden=\"true\" class=\"e-font-icon-svg e-fas-arrow-circle-down\" viewbox=\"0 0 512 512\" xmlns=\"http:\/\/www.w3.org\/2000\/svg\"><path d=\"M504 256c0 137-111 248-248 248S8 393 8 256 119 8 256 8s248 111 248 248zm-143.6-28.9L288 302.6V120c0-13.3-10.7-24-24-24h-16c-13.3 0-24 10.7-24 24v182.6l-72.4-75.5c-9.3-9.7-24.8-9.9-34.3-.4l-10.9 11c-9.4 9.4-9.4 24.6 0 33.9L239 404.3c9.4 9.4 24.6 9.4 33.9 0l132.7-132.7c9.4-9.4 9.4-24.6 0-33.9l-10.9-11c-9.5-9.5-25-9.3-34.3.4z\"><\/path><\/svg>\t\t\t<\/div>\n\t\t<\/div>\n\t\t\t\t\t\t<\/div>\n\t\t\t\t<\/div>\n\t\t\t\t\t<\/div>\n\t\t\t\t<\/div>\n\t\t<div class=\"elementor-element elementor-element-6e9f05a8 e-con-full e-flex e-con e-parent\" data-id=\"6e9f05a8\" data-element_type=\"container\" data-e-type=\"container\" data-settings=\"{&quot;background_background&quot;:&quot;classic&quot;}\">\n\t\t\t\t<div class=\"elementor-element elementor-element-11674b58 elementor-widget elementor-widget-spacer\" data-id=\"11674b58\" data-element_type=\"widget\" data-e-type=\"widget\" data-widget_type=\"spacer.default\">\n\t\t\t\t<div class=\"elementor-widget-container\">\n\t\t\t\t\t\t\t<div class=\"elementor-spacer\">\n\t\t\t<div class=\"elementor-spacer-inner\"><\/div>\n\t\t<\/div>\n\t\t\t\t\t\t<\/div>\n\t\t\t\t<\/div>\n\t\t\t\t<div class=\"elementor-element elementor-element-56a7d72f elementor-grid-4 elementor-grid-tablet-2 elementor-grid-mobile-1 elementor-posts--thumbnail-top elementor-card-shadow-yes elementor-posts__hover-gradient elementor-widget elementor-widget-posts\" data-id=\"56a7d72f\" data-element_type=\"widget\" data-e-type=\"widget\" data-settings=\"{&quot;cards_columns&quot;:&quot;4&quot;,&quot;cards_columns_tablet&quot;:&quot;2&quot;,&quot;cards_columns_mobile&quot;:&quot;1&quot;,&quot;cards_row_gap&quot;:{&quot;unit&quot;:&quot;px&quot;,&quot;size&quot;:35,&quot;sizes&quot;:[]},&quot;cards_row_gap_tablet&quot;:{&quot;unit&quot;:&quot;px&quot;,&quot;size&quot;:&quot;&quot;,&quot;sizes&quot;:[]},&quot;cards_row_gap_mobile&quot;:{&quot;unit&quot;:&quot;px&quot;,&quot;size&quot;:&quot;&quot;,&quot;sizes&quot;:[]}}\" data-widget_type=\"posts.cards\">\n\t\t\t\t<div class=\"elementor-widget-container\">\n\t\t\t\t\t\t\t<div class=\"elementor-posts-container elementor-posts elementor-posts--skin-cards elementor-grid\" role=\"list\">\n\t\t\t\t<article class=\"elementor-post elementor-grid-item post-3539 post type-post status-publish format-standard has-post-thumbnail hentry category-news category-the-writing-life\" role=\"listitem\">\n\t\t\t<div class=\"elementor-post__card\">\n\t\t\t\t<a class=\"elementor-post__thumbnail__link\" href=\"https:\/\/www.cultivonslempathie.com\/pt\/the-authors-we-admire\/\" tabindex=\"-1\" ><div class=\"elementor-post__thumbnail\"><img fetchpriority=\"high\" decoding=\"async\" width=\"1024\" height=\"641\" src=\"https:\/\/www.cultivonslempathie.com\/wp-content\/uploads\/Os-nossos-autores-1024x641.jpg\" class=\"attachment-large size-large wp-image-3540\" alt=\"\" srcset=\"https:\/\/www.cultivonslempathie.com\/wp-content\/uploads\/Os-nossos-autores-1024x641.jpg 1024w, https:\/\/www.cultivonslempathie.com\/wp-content\/uploads\/Os-nossos-autores-300x188.jpg 300w, https:\/\/www.cultivonslempathie.com\/wp-content\/uploads\/Os-nossos-autores-768x480.jpg 768w, https:\/\/www.cultivonslempathie.com\/wp-content\/uploads\/Os-nossos-autores-1536x961.jpg 1536w, https:\/\/www.cultivonslempathie.com\/wp-content\/uploads\/Os-nossos-autores-2048x1281.jpg 2048w, https:\/\/www.cultivonslempathie.com\/wp-content\/uploads\/Os-nossos-autores-18x12.jpg 18w, https:\/\/www.cultivonslempathie.com\/wp-content\/uploads\/Os-nossos-autores-600x375.jpg 600w\" sizes=\"(max-width: 1024px) 100vw, 1024px\" \/><\/div><\/a>\n\t\t\t\t<div class=\"elementor-post__badge\">Not\u00edcias<\/div>\n\t\t\t\t<div class=\"elementor-post__text\">\n\t\t\t\t<h3 class=\"elementor-post__title\">\n\t\t\t<a href=\"https:\/\/www.cultivonslempathie.com\/pt\/the-authors-we-admire\/\" >\n\t\t\t\tOs nossos autores\t\t\t<\/a>\n\t\t<\/h3>\n\t\t\t\t<\/div>\n\t\t\t\t<div class=\"elementor-post__meta-data\">\n\t\t\t\t\t<span class=\"elementor-post-date\">\n\t\t\t26\/03\/2026\t\t<\/span>\n\t\t\t\t<\/div>\n\t\t\t\t\t<\/div>\n\t\t<\/article>\n\t\t\t\t<article class=\"elementor-post elementor-grid-item post-3487 post type-post status-publish format-standard has-post-thumbnail hentry category-the-writing-life\" role=\"listitem\">\n\t\t\t<div class=\"elementor-post__card\">\n\t\t\t\t<a class=\"elementor-post__thumbnail__link\" href=\"https:\/\/www.cultivonslempathie.com\/pt\/what-happens-when-we-do-not-like-a-book\/\" tabindex=\"-1\" ><div class=\"elementor-post__thumbnail\"><img decoding=\"async\" width=\"612\" height=\"408\" src=\"https:\/\/www.cultivonslempathie.com\/wp-content\/uploads\/istockphoto-1354989842-612x612-1.jpg\" class=\"attachment-large size-large wp-image-3489\" alt=\"\" srcset=\"https:\/\/www.cultivonslempathie.com\/wp-content\/uploads\/istockphoto-1354989842-612x612-1.jpg 612w, https:\/\/www.cultivonslempathie.com\/wp-content\/uploads\/istockphoto-1354989842-612x612-1-300x200.jpg 300w, https:\/\/www.cultivonslempathie.com\/wp-content\/uploads\/istockphoto-1354989842-612x612-1-18x12.jpg 18w, https:\/\/www.cultivonslempathie.com\/wp-content\/uploads\/istockphoto-1354989842-612x612-1-600x400.jpg 600w\" sizes=\"(max-width: 612px) 100vw, 612px\" \/><\/div><\/a>\n\t\t\t\t<div class=\"elementor-post__badge\">Vida de escritora<\/div>\n\t\t\t\t<div class=\"elementor-post__text\">\n\t\t\t\t<h3 class=\"elementor-post__title\">\n\t\t\t<a href=\"https:\/\/www.cultivonslempathie.com\/pt\/what-happens-when-we-do-not-like-a-book\/\" >\n\t\t\t\tO que acontece quando lemos um livro que n\u00e3o gostamos\t\t\t<\/a>\n\t\t<\/h3>\n\t\t\t\t<\/div>\n\t\t\t\t<div class=\"elementor-post__meta-data\">\n\t\t\t\t\t<span class=\"elementor-post-date\">\n\t\t\t14\/03\/2026\t\t<\/span>\n\t\t\t\t<\/div>\n\t\t\t\t\t<\/div>\n\t\t<\/article>\n\t\t\t\t<article class=\"elementor-post elementor-grid-item post-3479 post type-post status-publish format-standard has-post-thumbnail hentry category-the-writing-life\" role=\"listitem\">\n\t\t\t<div class=\"elementor-post__card\">\n\t\t\t\t<a class=\"elementor-post__thumbnail__link\" href=\"https:\/\/www.cultivonslempathie.com\/pt\/annie-ernaux-and-the-international-womens-day\/\" tabindex=\"-1\" ><div class=\"elementor-post__thumbnail\"><img decoding=\"async\" width=\"1024\" height=\"501\" src=\"https:\/\/www.cultivonslempathie.com\/wp-content\/uploads\/Annie-Ernaux-1024x501.jpg\" class=\"attachment-large size-large wp-image-3480\" alt=\"\" srcset=\"https:\/\/www.cultivonslempathie.com\/wp-content\/uploads\/Annie-Ernaux-1024x501.jpg 1024w, https:\/\/www.cultivonslempathie.com\/wp-content\/uploads\/Annie-Ernaux-300x147.jpg 300w, https:\/\/www.cultivonslempathie.com\/wp-content\/uploads\/Annie-Ernaux-768x376.jpg 768w, https:\/\/www.cultivonslempathie.com\/wp-content\/uploads\/Annie-Ernaux-1536x752.jpg 1536w, https:\/\/www.cultivonslempathie.com\/wp-content\/uploads\/Annie-Ernaux-2048x1002.jpg 2048w, https:\/\/www.cultivonslempathie.com\/wp-content\/uploads\/Annie-Ernaux-18x9.jpg 18w, https:\/\/www.cultivonslempathie.com\/wp-content\/uploads\/Annie-Ernaux-600x294.jpg 600w\" sizes=\"(max-width: 1024px) 100vw, 1024px\" \/><\/div><\/a>\n\t\t\t\t<div class=\"elementor-post__badge\">Vida de escritora<\/div>\n\t\t\t\t<div class=\"elementor-post__text\">\n\t\t\t\t<h3 class=\"elementor-post__title\">\n\t\t\t<a href=\"https:\/\/www.cultivonslempathie.com\/pt\/annie-ernaux-and-the-international-womens-day\/\" >\n\t\t\t\tAnnie Ernaux e o Dia Internacional da Mulher\t\t\t<\/a>\n\t\t<\/h3>\n\t\t\t\t<\/div>\n\t\t\t\t<div class=\"elementor-post__meta-data\">\n\t\t\t\t\t<span class=\"elementor-post-date\">\n\t\t\t08\/03\/2026\t\t<\/span>\n\t\t\t\t<\/div>\n\t\t\t\t\t<\/div>\n\t\t<\/article>\n\t\t\t\t<article class=\"elementor-post elementor-grid-item post-3431 post type-post status-publish format-standard has-post-thumbnail hentry category-the-writing-life\" role=\"listitem\">\n\t\t\t<div class=\"elementor-post__card\">\n\t\t\t\t<a class=\"elementor-post__thumbnail__link\" href=\"https:\/\/www.cultivonslempathie.com\/pt\/antonio-lobo-antunes\/\" tabindex=\"-1\" ><div class=\"elementor-post__thumbnail\"><img loading=\"lazy\" decoding=\"async\" width=\"1024\" height=\"415\" src=\"https:\/\/www.cultivonslempathie.com\/wp-content\/uploads\/Antonio-Lobo-Antunes-1024x415.jpg\" class=\"attachment-large size-large wp-image-3432\" alt=\"\" srcset=\"https:\/\/www.cultivonslempathie.com\/wp-content\/uploads\/Antonio-Lobo-Antunes-1024x415.jpg 1024w, https:\/\/www.cultivonslempathie.com\/wp-content\/uploads\/Antonio-Lobo-Antunes-300x122.jpg 300w, https:\/\/www.cultivonslempathie.com\/wp-content\/uploads\/Antonio-Lobo-Antunes-768x312.jpg 768w, https:\/\/www.cultivonslempathie.com\/wp-content\/uploads\/Antonio-Lobo-Antunes-1536x623.jpg 1536w, https:\/\/www.cultivonslempathie.com\/wp-content\/uploads\/Antonio-Lobo-Antunes-2048x831.jpg 2048w, https:\/\/www.cultivonslempathie.com\/wp-content\/uploads\/Antonio-Lobo-Antunes-18x7.jpg 18w, https:\/\/www.cultivonslempathie.com\/wp-content\/uploads\/Antonio-Lobo-Antunes-600x243.jpg 600w\" sizes=\"(max-width: 1024px) 100vw, 1024px\" \/><\/div><\/a>\n\t\t\t\t<div class=\"elementor-post__badge\">Vida de escritora<\/div>\n\t\t\t\t<div class=\"elementor-post__text\">\n\t\t\t\t<h3 class=\"elementor-post__title\">\n\t\t\t<a href=\"https:\/\/www.cultivonslempathie.com\/pt\/antonio-lobo-antunes\/\" >\n\t\t\t\tAnt\u00f3nio Lobo Antunes\t\t\t<\/a>\n\t\t<\/h3>\n\t\t\t\t<\/div>\n\t\t\t\t<div class=\"elementor-post__meta-data\">\n\t\t\t\t\t<span class=\"elementor-post-date\">\n\t\t\t05\/03\/2026\t\t<\/span>\n\t\t\t\t<\/div>\n\t\t\t\t\t<\/div>\n\t\t<\/article>\n\t\t\t\t<article class=\"elementor-post elementor-grid-item post-3419 post type-post status-publish format-standard has-post-thumbnail hentry category-the-writing-life\" role=\"listitem\">\n\t\t\t<div class=\"elementor-post__card\">\n\t\t\t\t<a class=\"elementor-post__thumbnail__link\" href=\"https:\/\/www.cultivonslempathie.com\/pt\/reading-club\/\" tabindex=\"-1\" ><div class=\"elementor-post__thumbnail\"><img loading=\"lazy\" decoding=\"async\" width=\"1024\" height=\"502\" src=\"https:\/\/www.cultivonslempathie.com\/wp-content\/uploads\/Clube-de-leitura-1024x502.jpg\" class=\"attachment-large size-large wp-image-3420\" alt=\"\" srcset=\"https:\/\/www.cultivonslempathie.com\/wp-content\/uploads\/Clube-de-leitura-1024x502.jpg 1024w, https:\/\/www.cultivonslempathie.com\/wp-content\/uploads\/Clube-de-leitura-300x147.jpg 300w, https:\/\/www.cultivonslempathie.com\/wp-content\/uploads\/Clube-de-leitura-768x376.jpg 768w, https:\/\/www.cultivonslempathie.com\/wp-content\/uploads\/Clube-de-leitura-1536x753.jpg 1536w, https:\/\/www.cultivonslempathie.com\/wp-content\/uploads\/Clube-de-leitura-2048x1004.jpg 2048w, https:\/\/www.cultivonslempathie.com\/wp-content\/uploads\/Clube-de-leitura-18x9.jpg 18w, https:\/\/www.cultivonslempathie.com\/wp-content\/uploads\/Clube-de-leitura-600x294.jpg 600w\" sizes=\"(max-width: 1024px) 100vw, 1024px\" \/><\/div><\/a>\n\t\t\t\t<div class=\"elementor-post__badge\">Vida de escritora<\/div>\n\t\t\t\t<div class=\"elementor-post__text\">\n\t\t\t\t<h3 class=\"elementor-post__title\">\n\t\t\t<a href=\"https:\/\/www.cultivonslempathie.com\/pt\/reading-club\/\" >\n\t\t\t\tClube de Leitura\t\t\t<\/a>\n\t\t<\/h3>\n\t\t\t\t<\/div>\n\t\t\t\t<div class=\"elementor-post__meta-data\">\n\t\t\t\t\t<span class=\"elementor-post-date\">\n\t\t\t01\/03\/2026\t\t<\/span>\n\t\t\t\t<\/div>\n\t\t\t\t\t<\/div>\n\t\t<\/article>\n\t\t\t\t<\/div>\n\t\t\n\t\t\t\t\t\t<\/div>\n\t\t\t\t<\/div>\n\t\t\t\t<div class=\"elementor-element elementor-element-e2d9c39 elementor-widget elementor-widget-spacer\" data-id=\"e2d9c39\" data-element_type=\"widget\" data-e-type=\"widget\" data-widget_type=\"spacer.default\">\n\t\t\t\t<div class=\"elementor-widget-container\">\n\t\t\t\t\t\t\t<div class=\"elementor-spacer\">\n\t\t\t<div class=\"elementor-spacer-inner\"><\/div>\n\t\t<\/div>\n\t\t\t\t\t\t<\/div>\n\t\t\t\t<\/div>\n\t\t\t\t<\/div>\n\t\t\t\t<\/div>","protected":false},"excerpt":{"rendered":"<p>I have spent my whole life searching, hoping to learn how to write so I could become a writer. What I had not realised is<\/p>","protected":false},"author":2,"featured_media":3400,"parent":0,"menu_order":0,"comment_status":"closed","ping_status":"closed","template":"elementor_header_footer","meta":{"inline_featured_image":false,"footnotes":""},"class_list":["post-3406","page","type-page","status-publish","has-post-thumbnail","hentry"],"blocksy_meta":[],"yoast_head":"<!-- This site is optimized with the Yoast SEO plugin v27.3 - https:\/\/yoast.com\/product\/yoast-seo-wordpress\/ -->\n<title>The Writing Life - Cultivons l&#039;empathie<\/title>\n<meta name=\"robots\" content=\"index, follow, max-snippet:-1, max-image-preview:large, max-video-preview:-1\" \/>\n<link rel=\"canonical\" href=\"https:\/\/www.cultivonslempathie.com\/pt\/the-writing-life\/\" \/>\n<meta property=\"og:locale\" content=\"pt_PT\" \/>\n<meta property=\"og:type\" content=\"article\" \/>\n<meta property=\"og:title\" content=\"The Writing Life - Cultivons l&#039;empathie\" \/>\n<meta property=\"og:description\" content=\"I have spent my whole life searching, hoping to learn how to write so I could become a writer. What I had not realised is\" \/>\n<meta property=\"og:url\" content=\"https:\/\/www.cultivonslempathie.com\/pt\/the-writing-life\/\" \/>\n<meta property=\"og:site_name\" content=\"Cultivons l&#039;empathie\" \/>\n<meta property=\"article:modified_time\" content=\"2026-03-01T12:15:10+00:00\" \/>\n<meta property=\"og:image\" content=\"https:\/\/www.cultivonslempathie.com\/wp-content\/uploads\/The-writing-life-1-scaled.jpg\" \/>\n\t<meta property=\"og:image:width\" content=\"1920\" \/>\n\t<meta property=\"og:image:height\" content=\"2560\" \/>\n\t<meta property=\"og:image:type\" content=\"image\/jpeg\" \/>\n<meta name=\"twitter:card\" content=\"summary_large_image\" \/>\n<meta name=\"twitter:label1\" content=\"Tempo estimado de leitura\" \/>\n\t<meta name=\"twitter:data1\" content=\"1 minuto\" \/>\n<script type=\"application\/ld+json\" class=\"yoast-schema-graph\">{\"@context\":\"https:\\\/\\\/schema.org\",\"@graph\":[{\"@type\":\"WebPage\",\"@id\":\"https:\\\/\\\/www.cultivonslempathie.com\\\/the-writing-life\\\/\",\"url\":\"https:\\\/\\\/www.cultivonslempathie.com\\\/the-writing-life\\\/\",\"name\":\"The Writing Life - Cultivons l&#039;empathie\",\"isPartOf\":{\"@id\":\"https:\\\/\\\/www.cultivonslempathie.com\\\/#website\"},\"primaryImageOfPage\":{\"@id\":\"https:\\\/\\\/www.cultivonslempathie.com\\\/the-writing-life\\\/#primaryimage\"},\"image\":{\"@id\":\"https:\\\/\\\/www.cultivonslempathie.com\\\/the-writing-life\\\/#primaryimage\"},\"thumbnailUrl\":\"https:\\\/\\\/www.cultivonslempathie.com\\\/wp-content\\\/uploads\\\/The-writing-life-1-scaled.jpg\",\"datePublished\":\"2026-02-25T11:49:36+00:00\",\"dateModified\":\"2026-03-01T12:15:10+00:00\",\"breadcrumb\":{\"@id\":\"https:\\\/\\\/www.cultivonslempathie.com\\\/the-writing-life\\\/#breadcrumb\"},\"inLanguage\":\"pt-PT\",\"potentialAction\":[{\"@type\":\"ReadAction\",\"target\":[\"https:\\\/\\\/www.cultivonslempathie.com\\\/the-writing-life\\\/\"]}]},{\"@type\":\"ImageObject\",\"inLanguage\":\"pt-PT\",\"@id\":\"https:\\\/\\\/www.cultivonslempathie.com\\\/the-writing-life\\\/#primaryimage\",\"url\":\"https:\\\/\\\/www.cultivonslempathie.com\\\/wp-content\\\/uploads\\\/The-writing-life-1-scaled.jpg\",\"contentUrl\":\"https:\\\/\\\/www.cultivonslempathie.com\\\/wp-content\\\/uploads\\\/The-writing-life-1-scaled.jpg\",\"width\":1920,\"height\":2560},{\"@type\":\"BreadcrumbList\",\"@id\":\"https:\\\/\\\/www.cultivonslempathie.com\\\/the-writing-life\\\/#breadcrumb\",\"itemListElement\":[{\"@type\":\"ListItem\",\"position\":1,\"name\":\"Home\",\"item\":\"https:\\\/\\\/www.cultivonslempathie.com\\\/\"},{\"@type\":\"ListItem\",\"position\":2,\"name\":\"The Writing Life\"}]},{\"@type\":\"WebSite\",\"@id\":\"https:\\\/\\\/www.cultivonslempathie.com\\\/#website\",\"url\":\"https:\\\/\\\/www.cultivonslempathie.com\\\/\",\"name\":\"Cultivons l&#039;empathie\",\"description\":\"\",\"publisher\":{\"@id\":\"https:\\\/\\\/www.cultivonslempathie.com\\\/#organization\"},\"potentialAction\":[{\"@type\":\"SearchAction\",\"target\":{\"@type\":\"EntryPoint\",\"urlTemplate\":\"https:\\\/\\\/www.cultivonslempathie.com\\\/?s={search_term_string}\"},\"query-input\":{\"@type\":\"PropertyValueSpecification\",\"valueRequired\":true,\"valueName\":\"search_term_string\"}}],\"inLanguage\":\"pt-PT\"},{\"@type\":\"Organization\",\"@id\":\"https:\\\/\\\/www.cultivonslempathie.com\\\/#organization\",\"name\":\"Cultivons l&#039;empathie\",\"url\":\"https:\\\/\\\/www.cultivonslempathie.com\\\/\",\"logo\":{\"@type\":\"ImageObject\",\"inLanguage\":\"pt-PT\",\"@id\":\"https:\\\/\\\/www.cultivonslempathie.com\\\/#\\\/schema\\\/logo\\\/image\\\/\",\"url\":\"https:\\\/\\\/www.cultivonslempathie.com\\\/wp-content\\\/uploads\\\/logo-cultivonslempathie.svg\",\"contentUrl\":\"https:\\\/\\\/www.cultivonslempathie.com\\\/wp-content\\\/uploads\\\/logo-cultivonslempathie.svg\",\"width\":600,\"height\":600,\"caption\":\"Cultivons l&#039;empathie\"},\"image\":{\"@id\":\"https:\\\/\\\/www.cultivonslempathie.com\\\/#\\\/schema\\\/logo\\\/image\\\/\"}}]}<\/script>\n<!-- \/ Yoast SEO plugin. -->","yoast_head_json":{"title":"The Writing Life - Cultivons l&#039;empathie","robots":{"index":"index","follow":"follow","max-snippet":"max-snippet:-1","max-image-preview":"max-image-preview:large","max-video-preview":"max-video-preview:-1"},"canonical":"https:\/\/www.cultivonslempathie.com\/pt\/the-writing-life\/","og_locale":"pt_PT","og_type":"article","og_title":"The Writing Life - Cultivons l&#039;empathie","og_description":"I have spent my whole life searching, hoping to learn how to write so I could become a writer. What I had not realised is","og_url":"https:\/\/www.cultivonslempathie.com\/pt\/the-writing-life\/","og_site_name":"Cultivons l&#039;empathie","article_modified_time":"2026-03-01T12:15:10+00:00","og_image":[{"width":1920,"height":2560,"url":"https:\/\/www.cultivonslempathie.com\/wp-content\/uploads\/The-writing-life-1-scaled.jpg","type":"image\/jpeg"}],"twitter_card":"summary_large_image","twitter_misc":{"Tempo estimado de leitura":"1 minuto"},"schema":{"@context":"https:\/\/schema.org","@graph":[{"@type":"WebPage","@id":"https:\/\/www.cultivonslempathie.com\/the-writing-life\/","url":"https:\/\/www.cultivonslempathie.com\/the-writing-life\/","name":"The Writing Life - Cultivons l&#039;empathie","isPartOf":{"@id":"https:\/\/www.cultivonslempathie.com\/#website"},"primaryImageOfPage":{"@id":"https:\/\/www.cultivonslempathie.com\/the-writing-life\/#primaryimage"},"image":{"@id":"https:\/\/www.cultivonslempathie.com\/the-writing-life\/#primaryimage"},"thumbnailUrl":"https:\/\/www.cultivonslempathie.com\/wp-content\/uploads\/The-writing-life-1-scaled.jpg","datePublished":"2026-02-25T11:49:36+00:00","dateModified":"2026-03-01T12:15:10+00:00","breadcrumb":{"@id":"https:\/\/www.cultivonslempathie.com\/the-writing-life\/#breadcrumb"},"inLanguage":"pt-PT","potentialAction":[{"@type":"ReadAction","target":["https:\/\/www.cultivonslempathie.com\/the-writing-life\/"]}]},{"@type":"ImageObject","inLanguage":"pt-PT","@id":"https:\/\/www.cultivonslempathie.com\/the-writing-life\/#primaryimage","url":"https:\/\/www.cultivonslempathie.com\/wp-content\/uploads\/The-writing-life-1-scaled.jpg","contentUrl":"https:\/\/www.cultivonslempathie.com\/wp-content\/uploads\/The-writing-life-1-scaled.jpg","width":1920,"height":2560},{"@type":"BreadcrumbList","@id":"https:\/\/www.cultivonslempathie.com\/the-writing-life\/#breadcrumb","itemListElement":[{"@type":"ListItem","position":1,"name":"Home","item":"https:\/\/www.cultivonslempathie.com\/"},{"@type":"ListItem","position":2,"name":"The Writing Life"}]},{"@type":"WebSite","@id":"https:\/\/www.cultivonslempathie.com\/#website","url":"https:\/\/www.cultivonslempathie.com\/","name":"Cultivons l&#039;empathie","description":"","publisher":{"@id":"https:\/\/www.cultivonslempathie.com\/#organization"},"potentialAction":[{"@type":"SearchAction","target":{"@type":"EntryPoint","urlTemplate":"https:\/\/www.cultivonslempathie.com\/?s={search_term_string}"},"query-input":{"@type":"PropertyValueSpecification","valueRequired":true,"valueName":"search_term_string"}}],"inLanguage":"pt-PT"},{"@type":"Organization","@id":"https:\/\/www.cultivonslempathie.com\/#organization","name":"Cultivons l&#039;empathie","url":"https:\/\/www.cultivonslempathie.com\/","logo":{"@type":"ImageObject","inLanguage":"pt-PT","@id":"https:\/\/www.cultivonslempathie.com\/#\/schema\/logo\/image\/","url":"https:\/\/www.cultivonslempathie.com\/wp-content\/uploads\/logo-cultivonslempathie.svg","contentUrl":"https:\/\/www.cultivonslempathie.com\/wp-content\/uploads\/logo-cultivonslempathie.svg","width":600,"height":600,"caption":"Cultivons l&#039;empathie"},"image":{"@id":"https:\/\/www.cultivonslempathie.com\/#\/schema\/logo\/image\/"}}]}},"_links":{"self":[{"href":"https:\/\/www.cultivonslempathie.com\/pt\/wp-json\/wp\/v2\/pages\/3406","targetHints":{"allow":["GET"]}}],"collection":[{"href":"https:\/\/www.cultivonslempathie.com\/pt\/wp-json\/wp\/v2\/pages"}],"about":[{"href":"https:\/\/www.cultivonslempathie.com\/pt\/wp-json\/wp\/v2\/types\/page"}],"author":[{"embeddable":true,"href":"https:\/\/www.cultivonslempathie.com\/pt\/wp-json\/wp\/v2\/users\/2"}],"replies":[{"embeddable":true,"href":"https:\/\/www.cultivonslempathie.com\/pt\/wp-json\/wp\/v2\/comments?post=3406"}],"version-history":[{"count":10,"href":"https:\/\/www.cultivonslempathie.com\/pt\/wp-json\/wp\/v2\/pages\/3406\/revisions"}],"predecessor-version":[{"id":3428,"href":"https:\/\/www.cultivonslempathie.com\/pt\/wp-json\/wp\/v2\/pages\/3406\/revisions\/3428"}],"wp:featuredmedia":[{"embeddable":true,"href":"https:\/\/www.cultivonslempathie.com\/pt\/wp-json\/wp\/v2\/media\/3400"}],"wp:attachment":[{"href":"https:\/\/www.cultivonslempathie.com\/pt\/wp-json\/wp\/v2\/media?parent=3406"}],"curies":[{"name":"wp","href":"https:\/\/api.w.org\/{rel}","templated":true}]}}