{"id":2287,"date":"2024-03-12T17:05:06","date_gmt":"2024-03-12T16:05:06","guid":{"rendered":"https:\/\/www.cultivonslempathie.com\/?page_id=2287"},"modified":"2024-04-10T09:04:28","modified_gmt":"2024-04-10T07:04:28","slug":"education","status":"publish","type":"page","link":"https:\/\/www.cultivonslempathie.com\/pt\/education\/","title":{"rendered":"Educa\u00e7\u00e3o"},"content":{"rendered":"<div data-elementor-type=\"wp-page\" data-elementor-id=\"2287\" class=\"elementor elementor-2287\" data-elementor-post-type=\"page\">\n\t\t\t\t\t\t<section class=\"elementor-section elementor-top-section elementor-element elementor-element-4f62442f elementor-section-full_width elementor-section-height-min-height ct-section-stretched elementor-section-height-default elementor-section-items-middle\" data-id=\"4f62442f\" data-element_type=\"section\" data-e-type=\"section\" data-settings=\"{&quot;background_background&quot;:&quot;classic&quot;}\">\n\t\t\t\t\t\t<div class=\"elementor-container elementor-column-gap-default\">\n\t\t\t\t\t<div class=\"elementor-column elementor-col-100 elementor-top-column elementor-element elementor-element-3e6a6b9d\" data-id=\"3e6a6b9d\" data-element_type=\"column\" data-e-type=\"column\">\n\t\t\t<div class=\"elementor-widget-wrap elementor-element-populated\">\n\t\t\t\t\t\t\t<\/div>\n\t\t<\/div>\n\t\t\t\t\t<\/div>\n\t\t<\/section>\n\t\t<div class=\"elementor-element elementor-element-c1ca0ed e-flex e-con-boxed e-con e-parent\" data-id=\"c1ca0ed\" data-element_type=\"container\" data-e-type=\"container\">\n\t\t\t\t\t<div class=\"e-con-inner\">\n\t\t\t\t<div class=\"elementor-element elementor-element-9163010 elementor-widget elementor-widget-heading\" data-id=\"9163010\" data-element_type=\"widget\" data-e-type=\"widget\" data-widget_type=\"heading.default\">\n\t\t\t\t<div class=\"elementor-widget-container\">\n\t\t\t\t\t<h2 class=\"elementor-heading-title elementor-size-default\">Educa\u00e7\u00e3o<\/h2>\t\t\t\t<\/div>\n\t\t\t\t<\/div>\n\t\t\t\t\t<\/div>\n\t\t\t\t<\/div>\n\t\t\t\t<section class=\"elementor-section elementor-top-section elementor-element elementor-element-6e2b5237 elementor-section-boxed elementor-section-height-default elementor-section-height-default\" data-id=\"6e2b5237\" data-element_type=\"section\" data-e-type=\"section\">\n\t\t\t\t\t\t<div class=\"elementor-container elementor-column-gap-default\">\n\t\t\t\t\t<div class=\"elementor-column elementor-col-100 elementor-top-column elementor-element elementor-element-23d96051\" data-id=\"23d96051\" data-element_type=\"column\" data-e-type=\"column\">\n\t\t\t<div class=\"elementor-widget-wrap elementor-element-populated\">\n\t\t\t\t\t\t<div class=\"elementor-element elementor-element-2fd13b28 elementor-widget elementor-widget-text-editor\" data-id=\"2fd13b28\" data-element_type=\"widget\" data-e-type=\"widget\" data-widget_type=\"text-editor.default\">\n\t\t\t\t<div class=\"elementor-widget-container\">\n\t\t\t\t\t\t\t\t\t<p>A Conven\u00e7\u00e3o sobre os Direitos da Crian\u00e7a tem dois direitos especificamente dedicados \u00e0 educa\u00e7\u00e3o, nomeadamente o artigo 28\u00ba sobre o direito \u00e0 educa\u00e7\u00e3o, relativo \u00e0 <em>disponibilidade de escolas e acesso \u00e0s mesmas por todas as crian\u00e7as;<\/em> e o artigo 29.\u00ba sobre os objetivos da educa\u00e7\u00e3o, que diz respeito \u00e0 qualidade e \u00e0 abordagem individual que devem orientar as pol\u00edticas e pr\u00e1ticas educativas. Os dois artigos s\u00e3o complementares e constituem a base de uma abordagem da educa\u00e7\u00e3o baseada nos direitos da crian\u00e7a ou de uma educa\u00e7\u00e3o amiga da crian\u00e7a. Esta sec\u00e7\u00e3o inspira-se no conte\u00fado e na vis\u00e3o destes dois artigos, pelo que encontrar\u00e1s nesta sec\u00e7\u00e3o artigos que discutem este conte\u00fado, como podemos ir al\u00e9m dos sistemas educativos tradicionais, como aplicar uma abordagem da educa\u00e7\u00e3o baseada nos direitos da crian\u00e7a e muito mais.\u00a0<\/p>\t\t\t\t\t\t\t\t<\/div>\n\t\t\t\t<\/div>\n\t\t\t\t\t<\/div>\n\t\t<\/div>\n\t\t\t\t\t<\/div>\n\t\t<\/section>\n\t\t<div class=\"elementor-element elementor-element-3d0faa99 e-flex e-con-boxed e-con e-parent\" data-id=\"3d0faa99\" data-element_type=\"container\" data-e-type=\"container\">\n\t\t\t\t\t<div class=\"e-con-inner\">\n\t\t\t\t<div class=\"elementor-element elementor-element-49f401e1 elementor-view-default elementor-widget elementor-widget-icon\" data-id=\"49f401e1\" data-element_type=\"widget\" data-e-type=\"widget\" data-widget_type=\"icon.default\">\n\t\t\t\t<div class=\"elementor-widget-container\">\n\t\t\t\t\t\t\t<div class=\"elementor-icon-wrapper\">\n\t\t\t<div class=\"elementor-icon\">\n\t\t\t<svg aria-hidden=\"true\" class=\"e-font-icon-svg e-fas-arrow-circle-down\" viewbox=\"0 0 512 512\" xmlns=\"http:\/\/www.w3.org\/2000\/svg\"><path d=\"M504 256c0 137-111 248-248 248S8 393 8 256 119 8 256 8s248 111 248 248zm-143.6-28.9L288 302.6V120c0-13.3-10.7-24-24-24h-16c-13.3 0-24 10.7-24 24v182.6l-72.4-75.5c-9.3-9.7-24.8-9.9-34.3-.4l-10.9 11c-9.4 9.4-9.4 24.6 0 33.9L239 404.3c9.4 9.4 24.6 9.4 33.9 0l132.7-132.7c9.4-9.4 9.4-24.6 0-33.9l-10.9-11c-9.5-9.5-25-9.3-34.3.4z\"><\/path><\/svg>\t\t\t<\/div>\n\t\t<\/div>\n\t\t\t\t\t\t<\/div>\n\t\t\t\t<\/div>\n\t\t\t\t\t<\/div>\n\t\t\t\t<\/div>\n\t\t<div class=\"elementor-element elementor-element-290e68fe e-con-full e-flex e-con e-parent\" data-id=\"290e68fe\" data-element_type=\"container\" data-e-type=\"container\" data-settings=\"{&quot;background_background&quot;:&quot;classic&quot;}\">\n\t\t\t\t<div class=\"elementor-element elementor-element-41a737b4 elementor-widget elementor-widget-spacer\" data-id=\"41a737b4\" data-element_type=\"widget\" data-e-type=\"widget\" data-widget_type=\"spacer.default\">\n\t\t\t\t<div class=\"elementor-widget-container\">\n\t\t\t\t\t\t\t<div class=\"elementor-spacer\">\n\t\t\t<div class=\"elementor-spacer-inner\"><\/div>\n\t\t<\/div>\n\t\t\t\t\t\t<\/div>\n\t\t\t\t<\/div>\n\t\t\t\t<div class=\"elementor-element elementor-element-2cd7f821 elementor-grid-4 elementor-grid-tablet-2 elementor-grid-mobile-1 elementor-posts--thumbnail-top elementor-card-shadow-yes elementor-posts__hover-gradient elementor-widget elementor-widget-posts\" data-id=\"2cd7f821\" data-element_type=\"widget\" data-e-type=\"widget\" data-settings=\"{&quot;cards_columns&quot;:&quot;4&quot;,&quot;cards_columns_tablet&quot;:&quot;2&quot;,&quot;cards_columns_mobile&quot;:&quot;1&quot;,&quot;cards_row_gap&quot;:{&quot;unit&quot;:&quot;px&quot;,&quot;size&quot;:35,&quot;sizes&quot;:[]},&quot;cards_row_gap_tablet&quot;:{&quot;unit&quot;:&quot;px&quot;,&quot;size&quot;:&quot;&quot;,&quot;sizes&quot;:[]},&quot;cards_row_gap_mobile&quot;:{&quot;unit&quot;:&quot;px&quot;,&quot;size&quot;:&quot;&quot;,&quot;sizes&quot;:[]}}\" data-widget_type=\"posts.cards\">\n\t\t\t\t<div class=\"elementor-widget-container\">\n\t\t\t\t\t\t\t<div class=\"elementor-posts-container elementor-posts elementor-posts--skin-cards elementor-grid\" role=\"list\">\n\t\t\t\t<article class=\"elementor-post elementor-grid-item post-3109 post type-post status-publish format-standard has-post-thumbnail hentry category-education category-emotional-intelligence\" role=\"listitem\">\n\t\t\t<div class=\"elementor-post__card\">\n\t\t\t\t<a class=\"elementor-post__thumbnail__link\" href=\"https:\/\/www.cultivonslempathie.com\/pt\/be-the-adult-you-wish-you-had-with-you-as-a-child\/\" tabindex=\"-1\" ><div class=\"elementor-post__thumbnail\"><img fetchpriority=\"high\" decoding=\"async\" width=\"1024\" height=\"683\" src=\"https:\/\/www.cultivonslempathie.com\/wp-content\/uploads\/Ana-e-Domenico-1024x683.jpg\" class=\"attachment-large size-large wp-image-3110\" alt=\"\" srcset=\"https:\/\/www.cultivonslempathie.com\/wp-content\/uploads\/Ana-e-Domenico-1024x683.jpg 1024w, https:\/\/www.cultivonslempathie.com\/wp-content\/uploads\/Ana-e-Domenico-300x200.jpg 300w, https:\/\/www.cultivonslempathie.com\/wp-content\/uploads\/Ana-e-Domenico-768x512.jpg 768w, https:\/\/www.cultivonslempathie.com\/wp-content\/uploads\/Ana-e-Domenico-1536x1024.jpg 1536w, https:\/\/www.cultivonslempathie.com\/wp-content\/uploads\/Ana-e-Domenico-2048x1365.jpg 2048w, https:\/\/www.cultivonslempathie.com\/wp-content\/uploads\/Ana-e-Domenico-18x12.jpg 18w, https:\/\/www.cultivonslempathie.com\/wp-content\/uploads\/Ana-e-Domenico-600x400.jpg 600w\" sizes=\"(max-width: 1024px) 100vw, 1024px\" \/><\/div><\/a>\n\t\t\t\t<div class=\"elementor-post__badge\">Educa\u00e7\u00e3o<\/div>\n\t\t\t\t<div class=\"elementor-post__text\">\n\t\t\t\t<h3 class=\"elementor-post__title\">\n\t\t\t<a href=\"https:\/\/www.cultivonslempathie.com\/pt\/be-the-adult-you-wish-you-had-with-you-as-a-child\/\" >\n\t\t\t\tS\u00ea o adulto que gostarias de ter tido contigo quando eras crian\u00e7a\t\t\t<\/a>\n\t\t<\/h3>\n\t\t\t\t<\/div>\n\t\t\t\t<div class=\"elementor-post__meta-data\">\n\t\t\t\t\t<span class=\"elementor-post-date\">\n\t\t\t10\/06\/2024\t\t<\/span>\n\t\t\t\t<\/div>\n\t\t\t\t\t<\/div>\n\t\t<\/article>\n\t\t\t\t<article class=\"elementor-post elementor-grid-item post-3082 post type-post status-publish format-standard has-post-thumbnail hentry category-education\" role=\"listitem\">\n\t\t\t<div class=\"elementor-post__card\">\n\t\t\t\t<a class=\"elementor-post__thumbnail__link\" href=\"https:\/\/www.cultivonslempathie.com\/pt\/lenfant-roi\/\" tabindex=\"-1\" ><div class=\"elementor-post__thumbnail\"><img decoding=\"async\" width=\"1024\" height=\"683\" src=\"https:\/\/www.cultivonslempathie.com\/wp-content\/uploads\/Lenfant-roi-1024x683.jpg\" class=\"attachment-large size-large wp-image-3083\" alt=\"\" srcset=\"https:\/\/www.cultivonslempathie.com\/wp-content\/uploads\/Lenfant-roi-1024x683.jpg 1024w, https:\/\/www.cultivonslempathie.com\/wp-content\/uploads\/Lenfant-roi-300x200.jpg 300w, https:\/\/www.cultivonslempathie.com\/wp-content\/uploads\/Lenfant-roi-768x512.jpg 768w, https:\/\/www.cultivonslempathie.com\/wp-content\/uploads\/Lenfant-roi-1536x1024.jpg 1536w, https:\/\/www.cultivonslempathie.com\/wp-content\/uploads\/Lenfant-roi-2048x1365.jpg 2048w, https:\/\/www.cultivonslempathie.com\/wp-content\/uploads\/Lenfant-roi-18x12.jpg 18w, https:\/\/www.cultivonslempathie.com\/wp-content\/uploads\/Lenfant-roi-600x400.jpg 600w\" sizes=\"(max-width: 1024px) 100vw, 1024px\" \/><\/div><\/a>\n\t\t\t\t<div class=\"elementor-post__badge\">Educa\u00e7\u00e3o<\/div>\n\t\t\t\t<div class=\"elementor-post__text\">\n\t\t\t\t<h3 class=\"elementor-post__title\">\n\t\t\t<a href=\"https:\/\/www.cultivonslempathie.com\/pt\/lenfant-roi\/\" >\n\t\t\t\tL\u2019enfant roi\t\t\t<\/a>\n\t\t<\/h3>\n\t\t\t\t<\/div>\n\t\t\t\t<div class=\"elementor-post__meta-data\">\n\t\t\t\t\t<span class=\"elementor-post-date\">\n\t\t\t03\/06\/2024\t\t<\/span>\n\t\t\t\t<\/div>\n\t\t\t\t\t<\/div>\n\t\t<\/article>\n\t\t\t\t<article class=\"elementor-post elementor-grid-item post-2856 post type-post status-publish format-standard has-post-thumbnail hentry category-education\" role=\"listitem\">\n\t\t\t<div class=\"elementor-post__card\">\n\t\t\t\t<a class=\"elementor-post__thumbnail__link\" href=\"https:\/\/www.cultivonslempathie.com\/pt\/the-importance-of-nature\/\" tabindex=\"-1\" ><div class=\"elementor-post__thumbnail\"><img decoding=\"async\" width=\"1024\" height=\"683\" src=\"https:\/\/www.cultivonslempathie.com\/wp-content\/uploads\/2016-08-14-11.47.39-1024x683.jpg\" class=\"attachment-large size-large wp-image-1484\" alt=\"\" srcset=\"https:\/\/www.cultivonslempathie.com\/wp-content\/uploads\/2016-08-14-11.47.39-1024x683.jpg 1024w, https:\/\/www.cultivonslempathie.com\/wp-content\/uploads\/2016-08-14-11.47.39-300x200.jpg 300w, https:\/\/www.cultivonslempathie.com\/wp-content\/uploads\/2016-08-14-11.47.39-768x512.jpg 768w, https:\/\/www.cultivonslempathie.com\/wp-content\/uploads\/2016-08-14-11.47.39-1536x1024.jpg 1536w, https:\/\/www.cultivonslempathie.com\/wp-content\/uploads\/2016-08-14-11.47.39-2048x1365.jpg 2048w, https:\/\/www.cultivonslempathie.com\/wp-content\/uploads\/2016-08-14-11.47.39-18x12.jpg 18w, https:\/\/www.cultivonslempathie.com\/wp-content\/uploads\/2016-08-14-11.47.39-600x400.jpg 600w\" sizes=\"(max-width: 1024px) 100vw, 1024px\" \/><\/div><\/a>\n\t\t\t\t<div class=\"elementor-post__badge\">Educa\u00e7\u00e3o<\/div>\n\t\t\t\t<div class=\"elementor-post__text\">\n\t\t\t\t<h3 class=\"elementor-post__title\">\n\t\t\t<a href=\"https:\/\/www.cultivonslempathie.com\/pt\/the-importance-of-nature\/\" >\n\t\t\t\tA import\u00e2ncia da natureza\t\t\t<\/a>\n\t\t<\/h3>\n\t\t\t\t<\/div>\n\t\t\t\t<div class=\"elementor-post__meta-data\">\n\t\t\t\t\t<span class=\"elementor-post-date\">\n\t\t\t02\/04\/2024\t\t<\/span>\n\t\t\t\t<\/div>\n\t\t\t\t\t<\/div>\n\t\t<\/article>\n\t\t\t\t<article class=\"elementor-post elementor-grid-item post-2823 post type-post status-publish format-standard has-post-thumbnail hentry category-education\" role=\"listitem\">\n\t\t\t<div class=\"elementor-post__card\">\n\t\t\t\t<a class=\"elementor-post__thumbnail__link\" href=\"https:\/\/www.cultivonslempathie.com\/pt\/why-do-children-lose-their-innate-curiosity-to-learn\/\" tabindex=\"-1\" ><div class=\"elementor-post__thumbnail\"><img loading=\"lazy\" decoding=\"async\" width=\"768\" height=\"1024\" src=\"https:\/\/www.cultivonslempathie.com\/wp-content\/uploads\/Quadro-768x1024.jpg\" class=\"attachment-large size-large wp-image-2827\" alt=\"\" srcset=\"https:\/\/www.cultivonslempathie.com\/wp-content\/uploads\/Quadro-768x1024.jpg 768w, https:\/\/www.cultivonslempathie.com\/wp-content\/uploads\/Quadro-225x300.jpg 225w, https:\/\/www.cultivonslempathie.com\/wp-content\/uploads\/Quadro-1152x1536.jpg 1152w, https:\/\/www.cultivonslempathie.com\/wp-content\/uploads\/Quadro-1536x2048.jpg 1536w, https:\/\/www.cultivonslempathie.com\/wp-content\/uploads\/Quadro-9x12.jpg 9w, https:\/\/www.cultivonslempathie.com\/wp-content\/uploads\/Quadro-600x800.jpg 600w, https:\/\/www.cultivonslempathie.com\/wp-content\/uploads\/Quadro-scaled.jpg 1920w\" sizes=\"(max-width: 768px) 100vw, 768px\" \/><\/div><\/a>\n\t\t\t\t<div class=\"elementor-post__badge\">Educa\u00e7\u00e3o<\/div>\n\t\t\t\t<div class=\"elementor-post__text\">\n\t\t\t\t<h3 class=\"elementor-post__title\">\n\t\t\t<a href=\"https:\/\/www.cultivonslempathie.com\/pt\/why-do-children-lose-their-innate-curiosity-to-learn\/\" >\n\t\t\t\tSobre a curiosidade inata das crian\u00e7as para aprender\t\t\t<\/a>\n\t\t<\/h3>\n\t\t\t\t<\/div>\n\t\t\t\t<div class=\"elementor-post__meta-data\">\n\t\t\t\t\t<span class=\"elementor-post-date\">\n\t\t\t25\/03\/2024\t\t<\/span>\n\t\t\t\t<\/div>\n\t\t\t\t\t<\/div>\n\t\t<\/article>\n\t\t\t\t<article class=\"elementor-post elementor-grid-item post-1639 post type-post status-publish format-standard has-post-thumbnail hentry category-education\" role=\"listitem\">\n\t\t\t<div class=\"elementor-post__card\">\n\t\t\t\t<a class=\"elementor-post__thumbnail__link\" href=\"https:\/\/www.cultivonslempathie.com\/pt\/availability-and-access-to-education\/\" tabindex=\"-1\" ><div class=\"elementor-post__thumbnail\"><img loading=\"lazy\" decoding=\"async\" width=\"1024\" height=\"683\" src=\"https:\/\/www.cultivonslempathie.com\/wp-content\/uploads\/IMG_4916-1024x683.jpg\" class=\"attachment-large size-large wp-image-1493\" alt=\"\" srcset=\"https:\/\/www.cultivonslempathie.com\/wp-content\/uploads\/IMG_4916-1024x683.jpg 1024w, https:\/\/www.cultivonslempathie.com\/wp-content\/uploads\/IMG_4916-300x200.jpg 300w, https:\/\/www.cultivonslempathie.com\/wp-content\/uploads\/IMG_4916-768x512.jpg 768w, https:\/\/www.cultivonslempathie.com\/wp-content\/uploads\/IMG_4916-1536x1024.jpg 1536w, https:\/\/www.cultivonslempathie.com\/wp-content\/uploads\/IMG_4916-2048x1365.jpg 2048w, https:\/\/www.cultivonslempathie.com\/wp-content\/uploads\/IMG_4916-18x12.jpg 18w, https:\/\/www.cultivonslempathie.com\/wp-content\/uploads\/IMG_4916-600x400.jpg 600w\" sizes=\"(max-width: 1024px) 100vw, 1024px\" \/><\/div><\/a>\n\t\t\t\t<div class=\"elementor-post__badge\">Educa\u00e7\u00e3o<\/div>\n\t\t\t\t<div class=\"elementor-post__text\">\n\t\t\t\t<h3 class=\"elementor-post__title\">\n\t\t\t<a href=\"https:\/\/www.cultivonslempathie.com\/pt\/availability-and-access-to-education\/\" >\n\t\t\t\tDisponibilidade e acesso \u00e0 educa\u00e7\u00e3o\t\t\t<\/a>\n\t\t<\/h3>\n\t\t\t\t<\/div>\n\t\t\t\t<div class=\"elementor-post__meta-data\">\n\t\t\t\t\t<span class=\"elementor-post-date\">\n\t\t\t16\/02\/2024\t\t<\/span>\n\t\t\t\t<\/div>\n\t\t\t\t\t<\/div>\n\t\t<\/article>\n\t\t\t\t<\/div>\n\t\t\n\t\t\t\t\t\t<\/div>\n\t\t\t\t<\/div>\n\t\t\t\t<div class=\"elementor-element elementor-element-6dfd5e6e elementor-widget elementor-widget-spacer\" data-id=\"6dfd5e6e\" data-element_type=\"widget\" data-e-type=\"widget\" data-widget_type=\"spacer.default\">\n\t\t\t\t<div class=\"elementor-widget-container\">\n\t\t\t\t\t\t\t<div class=\"elementor-spacer\">\n\t\t\t<div class=\"elementor-spacer-inner\"><\/div>\n\t\t<\/div>\n\t\t\t\t\t\t<\/div>\n\t\t\t\t<\/div>\n\t\t\t\t<\/div>\n\t\t\t\t<\/div>","protected":false},"excerpt":{"rendered":"<p>EDUCATION The Convention on the Rights of the Child has two rights specifically dedicated to education, namely Article 28 on the right to education, concerning<\/p>","protected":false},"author":2,"featured_media":0,"parent":0,"menu_order":0,"comment_status":"closed","ping_status":"closed","template":"elementor_header_footer","meta":{"inline_featured_image":false,"footnotes":""},"class_list":["post-2287","page","type-page","status-publish","hentry"],"blocksy_meta":[],"yoast_head":"<!-- This site is optimized with the Yoast SEO plugin v27.4 - https:\/\/yoast.com\/product\/yoast-seo-wordpress\/ -->\n<title>Education - Cultivons l&#039;empathie<\/title>\n<meta name=\"robots\" content=\"index, follow, max-snippet:-1, max-image-preview:large, max-video-preview:-1\" \/>\n<link rel=\"canonical\" href=\"https:\/\/www.cultivonslempathie.com\/pt\/education\/\" \/>\n<meta property=\"og:locale\" content=\"pt_PT\" \/>\n<meta property=\"og:type\" content=\"article\" \/>\n<meta property=\"og:title\" content=\"Education - Cultivons l&#039;empathie\" \/>\n<meta property=\"og:description\" content=\"EDUCATION The Convention on the Rights of the Child has two rights specifically dedicated to education, namely Article 28 on the right to education, concerning\" \/>\n<meta property=\"og:url\" content=\"https:\/\/www.cultivonslempathie.com\/pt\/education\/\" \/>\n<meta property=\"og:site_name\" content=\"Cultivons l&#039;empathie\" \/>\n<meta property=\"article:modified_time\" content=\"2024-04-10T07:04:28+00:00\" \/>\n<meta name=\"twitter:card\" content=\"summary_large_image\" \/>\n<meta name=\"twitter:label1\" content=\"Tempo estimado de leitura\" \/>\n\t<meta name=\"twitter:data1\" content=\"2 minutos\" \/>\n<script type=\"application\/ld+json\" class=\"yoast-schema-graph\">{\"@context\":\"https:\\\/\\\/schema.org\",\"@graph\":[{\"@type\":\"WebPage\",\"@id\":\"https:\\\/\\\/www.cultivonslempathie.com\\\/education\\\/\",\"url\":\"https:\\\/\\\/www.cultivonslempathie.com\\\/education\\\/\",\"name\":\"Education - Cultivons l&#039;empathie\",\"isPartOf\":{\"@id\":\"https:\\\/\\\/www.cultivonslempathie.com\\\/#website\"},\"datePublished\":\"2024-03-12T16:05:06+00:00\",\"dateModified\":\"2024-04-10T07:04:28+00:00\",\"breadcrumb\":{\"@id\":\"https:\\\/\\\/www.cultivonslempathie.com\\\/education\\\/#breadcrumb\"},\"inLanguage\":\"pt-PT\",\"potentialAction\":[{\"@type\":\"ReadAction\",\"target\":[\"https:\\\/\\\/www.cultivonslempathie.com\\\/education\\\/\"]}]},{\"@type\":\"BreadcrumbList\",\"@id\":\"https:\\\/\\\/www.cultivonslempathie.com\\\/education\\\/#breadcrumb\",\"itemListElement\":[{\"@type\":\"ListItem\",\"position\":1,\"name\":\"Home\",\"item\":\"https:\\\/\\\/www.cultivonslempathie.com\\\/\"},{\"@type\":\"ListItem\",\"position\":2,\"name\":\"Education\"}]},{\"@type\":\"WebSite\",\"@id\":\"https:\\\/\\\/www.cultivonslempathie.com\\\/#website\",\"url\":\"https:\\\/\\\/www.cultivonslempathie.com\\\/\",\"name\":\"Cultivons l&#039;empathie\",\"description\":\"\",\"publisher\":{\"@id\":\"https:\\\/\\\/www.cultivonslempathie.com\\\/#organization\"},\"potentialAction\":[{\"@type\":\"SearchAction\",\"target\":{\"@type\":\"EntryPoint\",\"urlTemplate\":\"https:\\\/\\\/www.cultivonslempathie.com\\\/?s={search_term_string}\"},\"query-input\":{\"@type\":\"PropertyValueSpecification\",\"valueRequired\":true,\"valueName\":\"search_term_string\"}}],\"inLanguage\":\"pt-PT\"},{\"@type\":\"Organization\",\"@id\":\"https:\\\/\\\/www.cultivonslempathie.com\\\/#organization\",\"name\":\"Cultivons l&#039;empathie\",\"url\":\"https:\\\/\\\/www.cultivonslempathie.com\\\/\",\"logo\":{\"@type\":\"ImageObject\",\"inLanguage\":\"pt-PT\",\"@id\":\"https:\\\/\\\/www.cultivonslempathie.com\\\/#\\\/schema\\\/logo\\\/image\\\/\",\"url\":\"https:\\\/\\\/www.cultivonslempathie.com\\\/wp-content\\\/uploads\\\/logo-cultivonslempathie.svg\",\"contentUrl\":\"https:\\\/\\\/www.cultivonslempathie.com\\\/wp-content\\\/uploads\\\/logo-cultivonslempathie.svg\",\"width\":600,\"height\":600,\"caption\":\"Cultivons l&#039;empathie\"},\"image\":{\"@id\":\"https:\\\/\\\/www.cultivonslempathie.com\\\/#\\\/schema\\\/logo\\\/image\\\/\"}}]}<\/script>\n<!-- \/ Yoast SEO plugin. -->","yoast_head_json":{"title":"Education - Cultivons l&#039;empathie","robots":{"index":"index","follow":"follow","max-snippet":"max-snippet:-1","max-image-preview":"max-image-preview:large","max-video-preview":"max-video-preview:-1"},"canonical":"https:\/\/www.cultivonslempathie.com\/pt\/education\/","og_locale":"pt_PT","og_type":"article","og_title":"Education - Cultivons l&#039;empathie","og_description":"EDUCATION The Convention on the Rights of the Child has two rights specifically dedicated to education, namely Article 28 on the right to education, concerning","og_url":"https:\/\/www.cultivonslempathie.com\/pt\/education\/","og_site_name":"Cultivons l&#039;empathie","article_modified_time":"2024-04-10T07:04:28+00:00","twitter_card":"summary_large_image","twitter_misc":{"Tempo estimado de leitura":"2 minutos"},"schema":{"@context":"https:\/\/schema.org","@graph":[{"@type":"WebPage","@id":"https:\/\/www.cultivonslempathie.com\/education\/","url":"https:\/\/www.cultivonslempathie.com\/education\/","name":"Education - Cultivons l&#039;empathie","isPartOf":{"@id":"https:\/\/www.cultivonslempathie.com\/#website"},"datePublished":"2024-03-12T16:05:06+00:00","dateModified":"2024-04-10T07:04:28+00:00","breadcrumb":{"@id":"https:\/\/www.cultivonslempathie.com\/education\/#breadcrumb"},"inLanguage":"pt-PT","potentialAction":[{"@type":"ReadAction","target":["https:\/\/www.cultivonslempathie.com\/education\/"]}]},{"@type":"BreadcrumbList","@id":"https:\/\/www.cultivonslempathie.com\/education\/#breadcrumb","itemListElement":[{"@type":"ListItem","position":1,"name":"Home","item":"https:\/\/www.cultivonslempathie.com\/"},{"@type":"ListItem","position":2,"name":"Education"}]},{"@type":"WebSite","@id":"https:\/\/www.cultivonslempathie.com\/#website","url":"https:\/\/www.cultivonslempathie.com\/","name":"Cultivons l&#039;empathie","description":"","publisher":{"@id":"https:\/\/www.cultivonslempathie.com\/#organization"},"potentialAction":[{"@type":"SearchAction","target":{"@type":"EntryPoint","urlTemplate":"https:\/\/www.cultivonslempathie.com\/?s={search_term_string}"},"query-input":{"@type":"PropertyValueSpecification","valueRequired":true,"valueName":"search_term_string"}}],"inLanguage":"pt-PT"},{"@type":"Organization","@id":"https:\/\/www.cultivonslempathie.com\/#organization","name":"Cultivons l&#039;empathie","url":"https:\/\/www.cultivonslempathie.com\/","logo":{"@type":"ImageObject","inLanguage":"pt-PT","@id":"https:\/\/www.cultivonslempathie.com\/#\/schema\/logo\/image\/","url":"https:\/\/www.cultivonslempathie.com\/wp-content\/uploads\/logo-cultivonslempathie.svg","contentUrl":"https:\/\/www.cultivonslempathie.com\/wp-content\/uploads\/logo-cultivonslempathie.svg","width":600,"height":600,"caption":"Cultivons l&#039;empathie"},"image":{"@id":"https:\/\/www.cultivonslempathie.com\/#\/schema\/logo\/image\/"}}]}},"_links":{"self":[{"href":"https:\/\/www.cultivonslempathie.com\/pt\/wp-json\/wp\/v2\/pages\/2287","targetHints":{"allow":["GET"]}}],"collection":[{"href":"https:\/\/www.cultivonslempathie.com\/pt\/wp-json\/wp\/v2\/pages"}],"about":[{"href":"https:\/\/www.cultivonslempathie.com\/pt\/wp-json\/wp\/v2\/types\/page"}],"author":[{"embeddable":true,"href":"https:\/\/www.cultivonslempathie.com\/pt\/wp-json\/wp\/v2\/users\/2"}],"replies":[{"embeddable":true,"href":"https:\/\/www.cultivonslempathie.com\/pt\/wp-json\/wp\/v2\/comments?post=2287"}],"version-history":[{"count":13,"href":"https:\/\/www.cultivonslempathie.com\/pt\/wp-json\/wp\/v2\/pages\/2287\/revisions"}],"predecessor-version":[{"id":2976,"href":"https:\/\/www.cultivonslempathie.com\/pt\/wp-json\/wp\/v2\/pages\/2287\/revisions\/2976"}],"wp:attachment":[{"href":"https:\/\/www.cultivonslempathie.com\/pt\/wp-json\/wp\/v2\/media?parent=2287"}],"curies":[{"name":"wp","href":"https:\/\/api.w.org\/{rel}","templated":true}]}}