{"id":943,"date":"2024-01-04T13:34:32","date_gmt":"2024-01-04T12:34:32","guid":{"rendered":"https:\/\/www.cultivonslempathie.com\/?page_id=943"},"modified":"2024-03-12T17:49:44","modified_gmt":"2024-03-12T16:49:44","slug":"presentation","status":"publish","type":"page","link":"https:\/\/www.cultivonslempathie.com\/fr\/presentation\/","title":{"rendered":"Presentation"},"content":{"rendered":"<div data-elementor-type=\"wp-page\" data-elementor-id=\"943\" class=\"elementor elementor-943\" data-elementor-post-type=\"page\">\n\t\t\t\t\t\t<section class=\"elementor-section elementor-top-section elementor-element elementor-element-3143f81d elementor-section-full_width elementor-section-height-min-height ct-section-stretched elementor-section-height-default elementor-section-items-middle\" data-id=\"3143f81d\" data-element_type=\"section\" data-e-type=\"section\" data-settings=\"{&quot;background_background&quot;:&quot;classic&quot;}\">\n\t\t\t\t\t\t<div class=\"elementor-container elementor-column-gap-default\">\n\t\t\t\t\t<div class=\"elementor-column elementor-col-100 elementor-top-column elementor-element elementor-element-1cbcc460\" data-id=\"1cbcc460\" data-element_type=\"column\" data-e-type=\"column\">\n\t\t\t<div class=\"elementor-widget-wrap\">\n\t\t\t\t\t\t\t<\/div>\n\t\t<\/div>\n\t\t\t\t\t<\/div>\n\t\t<\/section>\n\t\t<div class=\"elementor-element elementor-element-4cd306e e-flex e-con-boxed e-con e-parent\" data-id=\"4cd306e\" data-element_type=\"container\" data-e-type=\"container\">\n\t\t\t\t\t<div class=\"e-con-inner\">\n\t\t\t\t<div class=\"elementor-element elementor-element-bebfb8e elementor-widget elementor-widget-heading\" data-id=\"bebfb8e\" data-element_type=\"widget\" data-e-type=\"widget\" data-widget_type=\"heading.default\">\n\t\t\t\t<div class=\"elementor-widget-container\">\n\t\t\t\t\t<h2 class=\"elementor-heading-title elementor-size-default\">Pr\u00e9sentation<\/h2>\t\t\t\t<\/div>\n\t\t\t\t<\/div>\n\t\t\t\t\t<\/div>\n\t\t\t\t<\/div>\n\t\t<div class=\"elementor-element elementor-element-d22eff1 e-flex e-con-boxed e-con e-parent\" data-id=\"d22eff1\" data-element_type=\"container\" data-e-type=\"container\">\n\t\t\t\t\t<div class=\"e-con-inner\">\n\t\t\t\t<div class=\"elementor-element elementor-element-3e52332 elementor-view-default elementor-widget elementor-widget-icon\" data-id=\"3e52332\" data-element_type=\"widget\" data-e-type=\"widget\" data-widget_type=\"icon.default\">\n\t\t\t\t<div class=\"elementor-widget-container\">\n\t\t\t\t\t\t\t<div class=\"elementor-icon-wrapper\">\n\t\t\t<div class=\"elementor-icon\">\n\t\t\t<svg xmlns=\"http:\/\/www.w3.org\/2000\/svg\" id=\"uuid-13194d70-4184-46e2-bcf1-a61dcab27abe\" width=\"10\" height=\"55\" viewbox=\"0 0 10 55\"><rect x=\"4.55\" y=\".55\" width=\".89\" height=\"53.89\" style=\"fill:#fff;\"><\/rect><polygon points=\"6 0 4 0 4 55 6 55 6 0 6 0\"><\/polygon><\/svg>\t\t\t<\/div>\n\t\t<\/div>\n\t\t\t\t\t\t<\/div>\n\t\t\t\t<\/div>\n\t\t\t\t\t<\/div>\n\t\t\t\t<\/div>\n\t\t<div class=\"elementor-element elementor-element-3d8b47d e-flex e-con-boxed e-con e-parent\" data-id=\"3d8b47d\" data-element_type=\"container\" data-e-type=\"container\">\n\t\t\t\t\t<div class=\"e-con-inner\">\n\t\t\t\t<div class=\"elementor-element elementor-element-8e676b0 elementor-widget elementor-widget-text-editor\" data-id=\"8e676b0\" data-element_type=\"widget\" data-e-type=\"widget\" data-widget_type=\"text-editor.default\">\n\t\t\t\t<div class=\"elementor-widget-container\">\n\t\t\t\t\t\t\t\t\t<p class=\"p1\">Ce projet est n\u00e9 d'un r\u00eave personnel de rendre ce monde meilleur pour tous et refl\u00e8te les nombreuses exp\u00e9riences que j'ai accumul\u00e9es en travaillant dans des pays du monde entier et en soutenant diff\u00e9rentes organisations et professionnels travaillant pour ou avec les enfants. Plus important encore, ce projet refl\u00e8te \u00e9galement ce que je suis devenue en tant que femme. Je crois que chacun d'entre nous est la somme de toutes ses parties et de toutes ses exp\u00e9riences et, \u00e0 travers ce projet, je veux vous donner toute ma personne : sp\u00e9cialiste des droits de l'enfant, femme et humaniste. Je veux que ce projet, pr\u00e9par\u00e9 avec tant de passion et de soin, me refl\u00e8te telle que je suis, dans mon int\u00e9gralit\u00e9.\u00a0\u00a0<\/p><p class=\"p1\">Nous vivons dans un monde qui a d\u00e9sesp\u00e9r\u00e9ment besoin d'empathie, d'amour et de paix. Nous vivons dans une soci\u00e9t\u00e9 qui doit s'unir en faveur de la justice sociale. Pendant pr\u00e8s de vingt ans, j'ai travaill\u00e9 \u00e0 la d\u00e9fense des droits de l'enfant au niveau international, j'ai vu les d\u00e9fis, mais aussi le potentiel et le bien qui existent chez les gens. Ce projet est n\u00e9 \u00e0 Strasbourg, en France, du d\u00e9sir de cr\u00e9er un monde meilleur dans lequel les enfants peuvent vivre et s'\u00e9panouir, mais aussi du d\u00e9sir d'aider les professionnels \u00e0 devenir une meilleure version d'eux-m\u00eames, pour les enfants, mais aussi pour eux-m\u00eames. J'ai appel\u00e9 ce projet\u00a0<i>Cultivons l\u2019Empathie \u2013 <\/i>parce que je veux que nous nous d\u00e9passions tous, que nous soyons capables d'examiner nos attitudes envers les enfants et les autres adultes, que nous remettions en question le syst\u00e8me et que nous commencions \u00e0 imaginer et, finalement, \u00e0 cr\u00e9er une soci\u00e9t\u00e9 meilleure pour nous tous. <strong>Osons r\u00eaver<\/strong> que tous les enfants, ind\u00e9pendamment de leur lieu de naissance, de l'identit\u00e9 de leurs parents, de la langue qu'ils parlent ou de leur personnalit\u00e9 et de leurs besoins individuels, aient r\u00e9ellement la possibilit\u00e9 de r\u00e9aliser leur potentiel humain. Osons imaginer que nous pouvons cr\u00e9er des soci\u00e9t\u00e9s justes, compatissantes, acceptant les diff\u00e9rences, prosp\u00e8res et \u00e9galitaires. <strong>Osons cr\u00e9er un monde meilleur<\/strong>.<\/p><p class=\"p1\">Comme le petit colibri qui repr\u00e9sente cet espace, je veux moi aussi apporter ma contribution. Je veux continuer \u00e0 soutenir les institutions dans l'\u00e9laboration de strat\u00e9gies, de plans d'action, d'outils d'\u00e9valuation et d'autres initiatives institutionnelles. Je veux renforcer la formation des professionnels qui travaillent directement avec les enfants, en faisant conna\u00eetre des livres, des cours th\u00e9matiques et d'autres ressources. Mais surtout, je r\u00eave que cet espace puisse inspirer, interpeller et servir d'incubateur d'id\u00e9es et, peut-\u00eatre, de mouvement de lutte pour un monde diff\u00e9rent.<\/p><p class=\"p1\">Dans cet espace, vous trouverez:<\/p><ul><li>Articles de discussion, o\u00f9 je pr\u00e9sente mes pens\u00e9es et mes id\u00e9es sur la fa\u00e7on dont je vois le monde et sur la fa\u00e7on dont nous pouvons l'am\u00e9liorer ;<\/li><li class=\"p1\">Des connaissances pratiques, des outils et d'autres ressources sur les droits de l'enfant et la mani\u00e8re dont ils peuvent \u00eatre mis en pratique dans les domaines de la sant\u00e9, de l'\u00e9ducation, de la gouvernance locale et dans d'autres contextes ;<\/li><li class=\"p1\">S\u00e9minaires et cours en ligne pour les professionnels et les \u00e9tudiants ;<\/li><li class=\"p1\">Livres ;<\/li><li class=\"p1\">Nouvelles et autres informations d'int\u00e9r\u00eat.\u00a0<\/li><\/ul><p class=\"p1\">J'esp\u00e8re que vous l'appr\u00e9cierez, qu'il vous sera utile dans votre travail et qu'il vous inspirera.<\/p><p>A bient\u00f4t,<br \/>Ana\u00a0<\/p>\t\t\t\t\t\t\t\t<\/div>\n\t\t\t\t<\/div>\n\t\t\t\t\t<\/div>\n\t\t\t\t<\/div>\n\t\t<div class=\"elementor-element elementor-element-b904ffb e-flex e-con-boxed e-con e-parent\" data-id=\"b904ffb\" data-element_type=\"container\" data-e-type=\"container\">\n\t\t\t\t\t<div class=\"e-con-inner\">\n\t\t\t\t<div class=\"elementor-element elementor-element-661b065 elementor-widget elementor-widget-heading\" data-id=\"661b065\" data-element_type=\"widget\" data-e-type=\"widget\" data-widget_type=\"heading.default\">\n\t\t\t\t<div class=\"elementor-widget-container\">\n\t\t\t\t\t<h2 class=\"elementor-heading-title elementor-size-default\">\u00c0 propos de moi<br><\/h2>\t\t\t\t<\/div>\n\t\t\t\t<\/div>\n\t\t\t\t\t<\/div>\n\t\t\t\t<\/div>\n\t\t<div class=\"elementor-element elementor-element-bddf8c1 e-flex e-con-boxed e-con e-parent\" data-id=\"bddf8c1\" data-element_type=\"container\" data-e-type=\"container\">\n\t\t\t\t\t<div class=\"e-con-inner\">\n\t\t\t\t<div class=\"elementor-element elementor-element-409be1a elementor-widget__width-initial elementor-widget elementor-widget-image\" data-id=\"409be1a\" data-element_type=\"widget\" data-e-type=\"widget\" data-widget_type=\"image.default\">\n\t\t\t\t<div class=\"elementor-widget-container\">\n\t\t\t\t\t\t\t\t\t\t\t\t\t\t\t<img fetchpriority=\"high\" decoding=\"async\" width=\"943\" height=\"1024\" src=\"https:\/\/www.cultivonslempathie.com\/wp-content\/uploads\/Ana-WHO-meeting-943x1024.png\" class=\"attachment-large size-large wp-image-1818\" alt=\"\" srcset=\"https:\/\/www.cultivonslempathie.com\/wp-content\/uploads\/Ana-WHO-meeting-943x1024.png 943w, https:\/\/www.cultivonslempathie.com\/wp-content\/uploads\/Ana-WHO-meeting-276x300.png 276w, https:\/\/www.cultivonslempathie.com\/wp-content\/uploads\/Ana-WHO-meeting-768x834.png 768w, https:\/\/www.cultivonslempathie.com\/wp-content\/uploads\/Ana-WHO-meeting-1415x1536.png 1415w, https:\/\/www.cultivonslempathie.com\/wp-content\/uploads\/Ana-WHO-meeting-11x12.png 11w, https:\/\/www.cultivonslempathie.com\/wp-content\/uploads\/Ana-WHO-meeting-600x651.png 600w, https:\/\/www.cultivonslempathie.com\/wp-content\/uploads\/Ana-WHO-meeting.png 1506w\" sizes=\"(max-width: 943px) 100vw, 943px\" \/>\t\t\t\t\t\t\t\t\t\t\t\t\t\t\t<\/div>\n\t\t\t\t<\/div>\n\t\t\t\t<div class=\"elementor-element elementor-element-b42ec28 elementor-widget elementor-widget-text-editor\" data-id=\"b42ec28\" data-element_type=\"widget\" data-e-type=\"widget\" data-widget_type=\"text-editor.default\">\n\t\t\t\t<div class=\"elementor-widget-container\">\n\t\t\t\t\t\t\t\t\t<p>Je m'appelle Ana Isabel F. Guerreiro et je suis une experte internationale des droits de l'enfant. Mon travail consiste \u00e0 am\u00e9liorer la vie des enfants en d\u00e9veloppant des strat\u00e9gies et des programmes, en am\u00e9liorant les services et en formant des professionnels dans diff\u00e9rents contextes. J'ai mis en \u0153uvre des projets et collabor\u00e9 avec diff\u00e9rents types d'organisations gouvernementales et non gouvernementales dans plusieurs pays d'Europe, d'Asie centrale, du Moyen-Orient et des \u00c9tats-Unis d'Am\u00e9rique. Pendant plusieurs ann\u00e9es, j'ai collabor\u00e9 avec le Comit\u00e9 r\u00e9gional pour l'Europe de l'Organisation mondiale de la sant\u00e9, pour lequel j'ai d\u00e9velopp\u00e9 des outils, des strat\u00e9gies et des proc\u00e9dures, en me basant sur la Convention des Nations unies relative aux droits de l'enfant, afin d'am\u00e9liorer la qualit\u00e9 des soins fournis aux enfants. J'ai \u00e9galement travaill\u00e9 avec l'UNICEF pour faire conna\u00eetre et mettre en \u0153uvre l'initiative des villes amies des enfants. Depuis 2017, je collabore dans ce contexte avec la municipalit\u00e9 de Cascais, au Portugal. En 2022, j'ai lanc\u00e9 la s\u00e9rie de livres \"Les droits de l'enfant en pratique\". J'ai \u00e9galement publi\u00e9 plusieurs articles sur les droits de l'enfant dans des revues scientifiques.<\/p><p>Aujourd'hui, je souhaite inciter les professionnels, les parents et les autres adultes \u00e0 remettre en question et \u00e0 am\u00e9liorer les services existants, le syst\u00e8me et la soci\u00e9t\u00e9 que nous avons cr\u00e9\u00e9s pour les enfants.\u00a0<\/p>\t\t\t\t\t\t\t\t<\/div>\n\t\t\t\t<\/div>\n\t\t\t\t\t<\/div>\n\t\t\t\t<\/div>\n\t\t\t\t<\/div>","protected":false},"excerpt":{"rendered":"<p>PRESENTATION This project is born out of a long-term personal dream to make this world a better place for all. It reflects the many experiences I have accumulated working in countries around the globe and supporting different organisations and professionals working for or with children. Importantly, this project also reflects who I have become as [&hellip;]<\/p>\n","protected":false},"author":1,"featured_media":0,"parent":0,"menu_order":0,"comment_status":"closed","ping_status":"closed","template":"elementor_header_footer","meta":{"inline_featured_image":false,"footnotes":""},"class_list":["post-943","page","type-page","status-publish","hentry"],"blocksy_meta":[],"yoast_head":"<!-- This site is optimized with the Yoast SEO plugin v27.4 - https:\/\/yoast.com\/product\/yoast-seo-wordpress\/ -->\n<title>Presentation - Cultivons l&#039;empathie<\/title>\n<meta name=\"robots\" content=\"index, follow, max-snippet:-1, max-image-preview:large, max-video-preview:-1\" \/>\n<link rel=\"canonical\" href=\"https:\/\/www.cultivonslempathie.com\/fr\/presentation\/\" \/>\n<meta property=\"og:locale\" content=\"fr_FR\" \/>\n<meta property=\"og:type\" content=\"article\" \/>\n<meta property=\"og:title\" content=\"Presentation - Cultivons l&#039;empathie\" \/>\n<meta property=\"og:description\" content=\"PRESENTATION This project is born out of a long-term personal dream to make this world a better place for all. It reflects the many experiences I have accumulated working in countries around the globe and supporting different organisations and professionals working for or with children. Importantly, this project also reflects who I have become as [&hellip;]\" \/>\n<meta property=\"og:url\" content=\"https:\/\/www.cultivonslempathie.com\/fr\/presentation\/\" \/>\n<meta property=\"og:site_name\" content=\"Cultivons l&#039;empathie\" \/>\n<meta property=\"article:modified_time\" content=\"2024-03-12T16:49:44+00:00\" \/>\n<meta property=\"og:image\" content=\"https:\/\/www.cultivonslempathie.com\/wp-content\/uploads\/Ana-WHO-meeting-943x1024.png\" \/>\n<meta name=\"twitter:card\" content=\"summary_large_image\" \/>\n<meta name=\"twitter:label1\" content=\"Dur\u00e9e de lecture estim\u00e9e\" \/>\n\t<meta name=\"twitter:data1\" content=\"4 minutes\" \/>\n<script type=\"application\/ld+json\" class=\"yoast-schema-graph\">{\"@context\":\"https:\\\/\\\/schema.org\",\"@graph\":[{\"@type\":\"WebPage\",\"@id\":\"https:\\\/\\\/www.cultivonslempathie.com\\\/presentation\\\/\",\"url\":\"https:\\\/\\\/www.cultivonslempathie.com\\\/presentation\\\/\",\"name\":\"Presentation - Cultivons l&#039;empathie\",\"isPartOf\":{\"@id\":\"https:\\\/\\\/www.cultivonslempathie.com\\\/#website\"},\"primaryImageOfPage\":{\"@id\":\"https:\\\/\\\/www.cultivonslempathie.com\\\/presentation\\\/#primaryimage\"},\"image\":{\"@id\":\"https:\\\/\\\/www.cultivonslempathie.com\\\/presentation\\\/#primaryimage\"},\"thumbnailUrl\":\"https:\\\/\\\/www.cultivonslempathie.com\\\/wp-content\\\/uploads\\\/Ana-WHO-meeting-943x1024.png\",\"datePublished\":\"2024-01-04T12:34:32+00:00\",\"dateModified\":\"2024-03-12T16:49:44+00:00\",\"breadcrumb\":{\"@id\":\"https:\\\/\\\/www.cultivonslempathie.com\\\/presentation\\\/#breadcrumb\"},\"inLanguage\":\"fr-FR\",\"potentialAction\":[{\"@type\":\"ReadAction\",\"target\":[\"https:\\\/\\\/www.cultivonslempathie.com\\\/presentation\\\/\"]}]},{\"@type\":\"ImageObject\",\"inLanguage\":\"fr-FR\",\"@id\":\"https:\\\/\\\/www.cultivonslempathie.com\\\/presentation\\\/#primaryimage\",\"url\":\"https:\\\/\\\/www.cultivonslempathie.com\\\/wp-content\\\/uploads\\\/Ana-WHO-meeting-943x1024.png\",\"contentUrl\":\"https:\\\/\\\/www.cultivonslempathie.com\\\/wp-content\\\/uploads\\\/Ana-WHO-meeting-943x1024.png\"},{\"@type\":\"BreadcrumbList\",\"@id\":\"https:\\\/\\\/www.cultivonslempathie.com\\\/presentation\\\/#breadcrumb\",\"itemListElement\":[{\"@type\":\"ListItem\",\"position\":1,\"name\":\"Home\",\"item\":\"https:\\\/\\\/www.cultivonslempathie.com\\\/\"},{\"@type\":\"ListItem\",\"position\":2,\"name\":\"Presentation\"}]},{\"@type\":\"WebSite\",\"@id\":\"https:\\\/\\\/www.cultivonslempathie.com\\\/#website\",\"url\":\"https:\\\/\\\/www.cultivonslempathie.com\\\/\",\"name\":\"Cultivons l&#039;empathie\",\"description\":\"\",\"publisher\":{\"@id\":\"https:\\\/\\\/www.cultivonslempathie.com\\\/#organization\"},\"potentialAction\":[{\"@type\":\"SearchAction\",\"target\":{\"@type\":\"EntryPoint\",\"urlTemplate\":\"https:\\\/\\\/www.cultivonslempathie.com\\\/?s={search_term_string}\"},\"query-input\":{\"@type\":\"PropertyValueSpecification\",\"valueRequired\":true,\"valueName\":\"search_term_string\"}}],\"inLanguage\":\"fr-FR\"},{\"@type\":\"Organization\",\"@id\":\"https:\\\/\\\/www.cultivonslempathie.com\\\/#organization\",\"name\":\"Cultivons l&#039;empathie\",\"url\":\"https:\\\/\\\/www.cultivonslempathie.com\\\/\",\"logo\":{\"@type\":\"ImageObject\",\"inLanguage\":\"fr-FR\",\"@id\":\"https:\\\/\\\/www.cultivonslempathie.com\\\/#\\\/schema\\\/logo\\\/image\\\/\",\"url\":\"https:\\\/\\\/www.cultivonslempathie.com\\\/wp-content\\\/uploads\\\/logo-cultivonslempathie.svg\",\"contentUrl\":\"https:\\\/\\\/www.cultivonslempathie.com\\\/wp-content\\\/uploads\\\/logo-cultivonslempathie.svg\",\"width\":600,\"height\":600,\"caption\":\"Cultivons l&#039;empathie\"},\"image\":{\"@id\":\"https:\\\/\\\/www.cultivonslempathie.com\\\/#\\\/schema\\\/logo\\\/image\\\/\"}}]}<\/script>\n<!-- \/ Yoast SEO plugin. -->","yoast_head_json":{"title":"Presentation - Cultivons l&#039;empathie","robots":{"index":"index","follow":"follow","max-snippet":"max-snippet:-1","max-image-preview":"max-image-preview:large","max-video-preview":"max-video-preview:-1"},"canonical":"https:\/\/www.cultivonslempathie.com\/fr\/presentation\/","og_locale":"fr_FR","og_type":"article","og_title":"Presentation - Cultivons l&#039;empathie","og_description":"PRESENTATION This project is born out of a long-term personal dream to make this world a better place for all. It reflects the many experiences I have accumulated working in countries around the globe and supporting different organisations and professionals working for or with children. Importantly, this project also reflects who I have become as [&hellip;]","og_url":"https:\/\/www.cultivonslempathie.com\/fr\/presentation\/","og_site_name":"Cultivons l&#039;empathie","article_modified_time":"2024-03-12T16:49:44+00:00","og_image":[{"url":"https:\/\/www.cultivonslempathie.com\/wp-content\/uploads\/Ana-WHO-meeting-943x1024.png","type":"","width":"","height":""}],"twitter_card":"summary_large_image","twitter_misc":{"Dur\u00e9e de lecture estim\u00e9e":"4 minutes"},"schema":{"@context":"https:\/\/schema.org","@graph":[{"@type":"WebPage","@id":"https:\/\/www.cultivonslempathie.com\/presentation\/","url":"https:\/\/www.cultivonslempathie.com\/presentation\/","name":"Presentation - Cultivons l&#039;empathie","isPartOf":{"@id":"https:\/\/www.cultivonslempathie.com\/#website"},"primaryImageOfPage":{"@id":"https:\/\/www.cultivonslempathie.com\/presentation\/#primaryimage"},"image":{"@id":"https:\/\/www.cultivonslempathie.com\/presentation\/#primaryimage"},"thumbnailUrl":"https:\/\/www.cultivonslempathie.com\/wp-content\/uploads\/Ana-WHO-meeting-943x1024.png","datePublished":"2024-01-04T12:34:32+00:00","dateModified":"2024-03-12T16:49:44+00:00","breadcrumb":{"@id":"https:\/\/www.cultivonslempathie.com\/presentation\/#breadcrumb"},"inLanguage":"fr-FR","potentialAction":[{"@type":"ReadAction","target":["https:\/\/www.cultivonslempathie.com\/presentation\/"]}]},{"@type":"ImageObject","inLanguage":"fr-FR","@id":"https:\/\/www.cultivonslempathie.com\/presentation\/#primaryimage","url":"https:\/\/www.cultivonslempathie.com\/wp-content\/uploads\/Ana-WHO-meeting-943x1024.png","contentUrl":"https:\/\/www.cultivonslempathie.com\/wp-content\/uploads\/Ana-WHO-meeting-943x1024.png"},{"@type":"BreadcrumbList","@id":"https:\/\/www.cultivonslempathie.com\/presentation\/#breadcrumb","itemListElement":[{"@type":"ListItem","position":1,"name":"Home","item":"https:\/\/www.cultivonslempathie.com\/"},{"@type":"ListItem","position":2,"name":"Presentation"}]},{"@type":"WebSite","@id":"https:\/\/www.cultivonslempathie.com\/#website","url":"https:\/\/www.cultivonslempathie.com\/","name":"Cultivons l&#039;empathie","description":"","publisher":{"@id":"https:\/\/www.cultivonslempathie.com\/#organization"},"potentialAction":[{"@type":"SearchAction","target":{"@type":"EntryPoint","urlTemplate":"https:\/\/www.cultivonslempathie.com\/?s={search_term_string}"},"query-input":{"@type":"PropertyValueSpecification","valueRequired":true,"valueName":"search_term_string"}}],"inLanguage":"fr-FR"},{"@type":"Organization","@id":"https:\/\/www.cultivonslempathie.com\/#organization","name":"Cultivons l&#039;empathie","url":"https:\/\/www.cultivonslempathie.com\/","logo":{"@type":"ImageObject","inLanguage":"fr-FR","@id":"https:\/\/www.cultivonslempathie.com\/#\/schema\/logo\/image\/","url":"https:\/\/www.cultivonslempathie.com\/wp-content\/uploads\/logo-cultivonslempathie.svg","contentUrl":"https:\/\/www.cultivonslempathie.com\/wp-content\/uploads\/logo-cultivonslempathie.svg","width":600,"height":600,"caption":"Cultivons l&#039;empathie"},"image":{"@id":"https:\/\/www.cultivonslempathie.com\/#\/schema\/logo\/image\/"}}]}},"_links":{"self":[{"href":"https:\/\/www.cultivonslempathie.com\/fr\/wp-json\/wp\/v2\/pages\/943","targetHints":{"allow":["GET"]}}],"collection":[{"href":"https:\/\/www.cultivonslempathie.com\/fr\/wp-json\/wp\/v2\/pages"}],"about":[{"href":"https:\/\/www.cultivonslempathie.com\/fr\/wp-json\/wp\/v2\/types\/page"}],"author":[{"embeddable":true,"href":"https:\/\/www.cultivonslempathie.com\/fr\/wp-json\/wp\/v2\/users\/1"}],"replies":[{"embeddable":true,"href":"https:\/\/www.cultivonslempathie.com\/fr\/wp-json\/wp\/v2\/comments?post=943"}],"version-history":[{"count":66,"href":"https:\/\/www.cultivonslempathie.com\/fr\/wp-json\/wp\/v2\/pages\/943\/revisions"}],"predecessor-version":[{"id":2332,"href":"https:\/\/www.cultivonslempathie.com\/fr\/wp-json\/wp\/v2\/pages\/943\/revisions\/2332"}],"wp:attachment":[{"href":"https:\/\/www.cultivonslempathie.com\/fr\/wp-json\/wp\/v2\/media?parent=943"}],"curies":[{"name":"wp","href":"https:\/\/api.w.org\/{rel}","templated":true}]}}