{"id":2304,"date":"2024-03-12T17:20:58","date_gmt":"2024-03-12T16:20:58","guid":{"rendered":"https:\/\/www.cultivonslempathie.com\/?page_id=2304"},"modified":"2024-04-10T08:52:28","modified_gmt":"2024-04-10T06:52:28","slug":"local-governance","status":"publish","type":"page","link":"https:\/\/www.cultivonslempathie.com\/fr\/local-governance\/","title":{"rendered":"Gouvernance locale"},"content":{"rendered":"<div data-elementor-type=\"wp-page\" data-elementor-id=\"2304\" class=\"elementor elementor-2304\" data-elementor-post-type=\"page\">\n\t\t\t\t\t\t<section class=\"elementor-section elementor-top-section elementor-element elementor-element-2313ea87 elementor-section-full_width elementor-section-height-min-height ct-section-stretched elementor-section-height-default elementor-section-items-middle\" data-id=\"2313ea87\" data-element_type=\"section\" data-e-type=\"section\" data-settings=\"{&quot;background_background&quot;:&quot;classic&quot;}\">\n\t\t\t\t\t\t<div class=\"elementor-container elementor-column-gap-default\">\n\t\t\t\t\t<div class=\"elementor-column elementor-col-100 elementor-top-column elementor-element elementor-element-2bb4bd66\" data-id=\"2bb4bd66\" data-element_type=\"column\" data-e-type=\"column\">\n\t\t\t<div class=\"elementor-widget-wrap\">\n\t\t\t\t\t\t\t<\/div>\n\t\t<\/div>\n\t\t\t\t\t<\/div>\n\t\t<\/section>\n\t\t<div class=\"elementor-element elementor-element-1e05724 e-flex e-con-boxed e-con e-parent\" data-id=\"1e05724\" data-element_type=\"container\" data-e-type=\"container\">\n\t\t\t\t\t<div class=\"e-con-inner\">\n\t\t\t\t<div class=\"elementor-element elementor-element-f4455fb elementor-widget elementor-widget-heading\" data-id=\"f4455fb\" data-element_type=\"widget\" data-e-type=\"widget\" data-widget_type=\"heading.default\">\n\t\t\t\t<div class=\"elementor-widget-container\">\n\t\t\t\t\t<h2 class=\"elementor-heading-title elementor-size-default\">Gouvernance locale<\/h2>\t\t\t\t<\/div>\n\t\t\t\t<\/div>\n\t\t\t\t\t<\/div>\n\t\t\t\t<\/div>\n\t\t\t\t<section class=\"elementor-section elementor-top-section elementor-element elementor-element-4d66f32c elementor-section-boxed elementor-section-height-default elementor-section-height-default\" data-id=\"4d66f32c\" data-element_type=\"section\" data-e-type=\"section\">\n\t\t\t\t\t\t<div class=\"elementor-container elementor-column-gap-default\">\n\t\t\t\t\t<div class=\"elementor-column elementor-col-100 elementor-top-column elementor-element elementor-element-78b38d91\" data-id=\"78b38d91\" data-element_type=\"column\" data-e-type=\"column\">\n\t\t\t<div class=\"elementor-widget-wrap elementor-element-populated\">\n\t\t\t\t\t\t<div class=\"elementor-element elementor-element-1a982d77 elementor-widget elementor-widget-text-editor\" data-id=\"1a982d77\" data-element_type=\"widget\" data-e-type=\"widget\" data-widget_type=\"text-editor.default\">\n\t\t\t\t<div class=\"elementor-widget-container\">\n\t\t\t\t\t\t\t\t\t<p>Les droits de l'enfant tiennent compte des besoins globaux des enfants et des conditions n\u00e9cessaires pour qu'ils grandissent en bonne sant\u00e9 et aient les chances de mener une vie d'adulte \u00e9panouie. Par cons\u00e9quent, le respect des droits de l'enfant signifie qu'il faut veiller \u00e0 ce qu'ils aient les possibilit\u00e9s n\u00e9cessaires pour se d\u00e9velopper et s'\u00e9panouir dans toute la mesure de leur potentiel.<\/p><p>La gouvernance adapt\u00e9e aux enfants est une approche de la gouvernance dans laquelle les principes des droits de l'enfant et les donn\u00e9es sur la situation des enfants influencent l'\u00e9laboration des politiques, strat\u00e9gies ou programmes des gouvernements nationaux, r\u00e9gionaux ou locaux et sont utilis\u00e9s de mani\u00e8re syst\u00e9matique pour am\u00e9liorer la situation g\u00e9n\u00e9rale des enfants. Cette section comprend des informations sur l'importance d'utiliser les droits de l'enfant comme cadre pour am\u00e9liorer la gouvernance et sur la mani\u00e8re de les appliquer dans la pratique.<\/p>\t\t\t\t\t\t\t\t<\/div>\n\t\t\t\t<\/div>\n\t\t\t\t\t<\/div>\n\t\t<\/div>\n\t\t\t\t\t<\/div>\n\t\t<\/section>\n\t\t<div class=\"elementor-element elementor-element-5dba124d e-flex e-con-boxed e-con e-parent\" data-id=\"5dba124d\" data-element_type=\"container\" data-e-type=\"container\">\n\t\t\t\t\t<div class=\"e-con-inner\">\n\t\t\t\t<div class=\"elementor-element elementor-element-2435b770 elementor-view-default elementor-widget elementor-widget-icon\" data-id=\"2435b770\" data-element_type=\"widget\" data-e-type=\"widget\" data-widget_type=\"icon.default\">\n\t\t\t\t<div class=\"elementor-widget-container\">\n\t\t\t\t\t\t\t<div class=\"elementor-icon-wrapper\">\n\t\t\t<div class=\"elementor-icon\">\n\t\t\t<svg aria-hidden=\"true\" class=\"e-font-icon-svg e-fas-arrow-circle-down\" viewbox=\"0 0 512 512\" xmlns=\"http:\/\/www.w3.org\/2000\/svg\"><path d=\"M504 256c0 137-111 248-248 248S8 393 8 256 119 8 256 8s248 111 248 248zm-143.6-28.9L288 302.6V120c0-13.3-10.7-24-24-24h-16c-13.3 0-24 10.7-24 24v182.6l-72.4-75.5c-9.3-9.7-24.8-9.9-34.3-.4l-10.9 11c-9.4 9.4-9.4 24.6 0 33.9L239 404.3c9.4 9.4 24.6 9.4 33.9 0l132.7-132.7c9.4-9.4 9.4-24.6 0-33.9l-10.9-11c-9.5-9.5-25-9.3-34.3.4z\"><\/path><\/svg>\t\t\t<\/div>\n\t\t<\/div>\n\t\t\t\t\t\t<\/div>\n\t\t\t\t<\/div>\n\t\t\t\t\t<\/div>\n\t\t\t\t<\/div>\n\t\t<div class=\"elementor-element elementor-element-2751d8da e-con-full e-flex e-con e-parent\" data-id=\"2751d8da\" data-element_type=\"container\" data-e-type=\"container\" data-settings=\"{&quot;background_background&quot;:&quot;classic&quot;}\">\n\t\t\t\t<div class=\"elementor-element elementor-element-2609c7c5 elementor-widget elementor-widget-spacer\" data-id=\"2609c7c5\" data-element_type=\"widget\" data-e-type=\"widget\" data-widget_type=\"spacer.default\">\n\t\t\t\t<div class=\"elementor-widget-container\">\n\t\t\t\t\t\t\t<div class=\"elementor-spacer\">\n\t\t\t<div class=\"elementor-spacer-inner\"><\/div>\n\t\t<\/div>\n\t\t\t\t\t\t<\/div>\n\t\t\t\t<\/div>\n\t\t\t\t<div class=\"elementor-element elementor-element-3d404819 elementor-grid-4 elementor-grid-tablet-2 elementor-grid-mobile-1 elementor-posts--thumbnail-top elementor-card-shadow-yes elementor-posts__hover-gradient elementor-widget elementor-widget-posts\" data-id=\"3d404819\" data-element_type=\"widget\" data-e-type=\"widget\" data-settings=\"{&quot;cards_columns&quot;:&quot;4&quot;,&quot;cards_columns_tablet&quot;:&quot;2&quot;,&quot;cards_columns_mobile&quot;:&quot;1&quot;,&quot;cards_row_gap&quot;:{&quot;unit&quot;:&quot;px&quot;,&quot;size&quot;:35,&quot;sizes&quot;:[]},&quot;cards_row_gap_tablet&quot;:{&quot;unit&quot;:&quot;px&quot;,&quot;size&quot;:&quot;&quot;,&quot;sizes&quot;:[]},&quot;cards_row_gap_mobile&quot;:{&quot;unit&quot;:&quot;px&quot;,&quot;size&quot;:&quot;&quot;,&quot;sizes&quot;:[]}}\" data-widget_type=\"posts.cards\">\n\t\t\t\t<div class=\"elementor-widget-container\">\n\t\t\t\t\t\t\t<div class=\"elementor-posts-container elementor-posts elementor-posts--skin-cards elementor-grid\" role=\"list\">\n\t\t\t\t<article class=\"elementor-post elementor-grid-item post-1633 post type-post status-publish format-standard has-post-thumbnail hentry category-local-governance\" role=\"listitem\">\n\t\t\t<div class=\"elementor-post__card\">\n\t\t\t\t<a class=\"elementor-post__thumbnail__link\" href=\"https:\/\/www.cultivonslempathie.com\/fr\/why-is-evidence-important-and-how-to-best-use-it-2\/\" tabindex=\"-1\" ><div class=\"elementor-post__thumbnail\"><img fetchpriority=\"high\" decoding=\"async\" width=\"1024\" height=\"217\" src=\"https:\/\/www.cultivonslempathie.com\/wp-content\/uploads\/Planning-1-1024x217.jpg\" class=\"attachment-large size-large wp-image-1589\" alt=\"\" srcset=\"https:\/\/www.cultivonslempathie.com\/wp-content\/uploads\/Planning-1-1024x217.jpg 1024w, https:\/\/www.cultivonslempathie.com\/wp-content\/uploads\/Planning-1-300x63.jpg 300w, https:\/\/www.cultivonslempathie.com\/wp-content\/uploads\/Planning-1-768x162.jpg 768w, https:\/\/www.cultivonslempathie.com\/wp-content\/uploads\/Planning-1-1536x325.jpg 1536w, https:\/\/www.cultivonslempathie.com\/wp-content\/uploads\/Planning-1-2048x433.jpg 2048w, https:\/\/www.cultivonslempathie.com\/wp-content\/uploads\/Planning-1-18x4.jpg 18w, https:\/\/www.cultivonslempathie.com\/wp-content\/uploads\/Planning-1-600x127.jpg 600w\" sizes=\"(max-width: 1024px) 100vw, 1024px\" \/><\/div><\/a>\n\t\t\t\t<div class=\"elementor-post__badge\">Gouvernance locale<\/div>\n\t\t\t\t<div class=\"elementor-post__text\">\n\t\t\t\t<h3 class=\"elementor-post__title\">\n\t\t\t<a href=\"https:\/\/www.cultivonslempathie.com\/fr\/why-is-evidence-important-and-how-to-best-use-it-2\/\" >\n\t\t\t\tPourquoi les preuves scientifiques sont-elles importantes et quelle est la meilleure fa\u00e7on de les utiliser ?\t\t\t<\/a>\n\t\t<\/h3>\n\t\t\t\t<\/div>\n\t\t\t\t<div class=\"elementor-post__meta-data\">\n\t\t\t\t\t<span class=\"elementor-post-date\">\n\t\t\t16\/02\/2024\t\t<\/span>\n\t\t\t\t<\/div>\n\t\t\t\t\t<\/div>\n\t\t<\/article>\n\t\t\t\t<article class=\"elementor-post elementor-grid-item post-1615 post type-post status-publish format-standard has-post-thumbnail hentry category-local-governance\" role=\"listitem\">\n\t\t\t<div class=\"elementor-post__card\">\n\t\t\t\t<a class=\"elementor-post__thumbnail__link\" href=\"https:\/\/www.cultivonslempathie.com\/fr\/my-work\/\" tabindex=\"-1\" ><div class=\"elementor-post__thumbnail\"><img decoding=\"async\" width=\"1024\" height=\"683\" src=\"https:\/\/www.cultivonslempathie.com\/wp-content\/uploads\/IMG_7819-1024x683.jpg\" class=\"attachment-large size-large wp-image-1618\" alt=\"\" srcset=\"https:\/\/www.cultivonslempathie.com\/wp-content\/uploads\/IMG_7819-1024x683.jpg 1024w, https:\/\/www.cultivonslempathie.com\/wp-content\/uploads\/IMG_7819-300x200.jpg 300w, https:\/\/www.cultivonslempathie.com\/wp-content\/uploads\/IMG_7819-768x512.jpg 768w, https:\/\/www.cultivonslempathie.com\/wp-content\/uploads\/IMG_7819-1536x1024.jpg 1536w, https:\/\/www.cultivonslempathie.com\/wp-content\/uploads\/IMG_7819-2048x1365.jpg 2048w, https:\/\/www.cultivonslempathie.com\/wp-content\/uploads\/IMG_7819-18x12.jpg 18w, https:\/\/www.cultivonslempathie.com\/wp-content\/uploads\/IMG_7819-600x400.jpg 600w\" sizes=\"(max-width: 1024px) 100vw, 1024px\" \/><\/div><\/a>\n\t\t\t\t<div class=\"elementor-post__badge\">Gouvernance locale<\/div>\n\t\t\t\t<div class=\"elementor-post__text\">\n\t\t\t\t<h3 class=\"elementor-post__title\">\n\t\t\t<a href=\"https:\/\/www.cultivonslempathie.com\/fr\/my-work\/\" >\n\t\t\t\tMon travail\t\t\t<\/a>\n\t\t<\/h3>\n\t\t\t\t<\/div>\n\t\t\t\t<div class=\"elementor-post__meta-data\">\n\t\t\t\t\t<span class=\"elementor-post-date\">\n\t\t\t16\/02\/2024\t\t<\/span>\n\t\t\t\t<\/div>\n\t\t\t\t\t<\/div>\n\t\t<\/article>\n\t\t\t\t<article class=\"elementor-post elementor-grid-item post-1586 post type-post status-publish format-standard has-post-thumbnail hentry category-local-governance\" role=\"listitem\">\n\t\t\t<div class=\"elementor-post__card\">\n\t\t\t\t<a class=\"elementor-post__thumbnail__link\" href=\"https:\/\/www.cultivonslempathie.com\/fr\/implementing-child-friendly-governance\/\" tabindex=\"-1\" ><div class=\"elementor-post__thumbnail\"><img fetchpriority=\"high\" decoding=\"async\" width=\"1024\" height=\"217\" src=\"https:\/\/www.cultivonslempathie.com\/wp-content\/uploads\/Planning-1-1024x217.jpg\" class=\"attachment-large size-large wp-image-1589\" alt=\"\" srcset=\"https:\/\/www.cultivonslempathie.com\/wp-content\/uploads\/Planning-1-1024x217.jpg 1024w, https:\/\/www.cultivonslempathie.com\/wp-content\/uploads\/Planning-1-300x63.jpg 300w, https:\/\/www.cultivonslempathie.com\/wp-content\/uploads\/Planning-1-768x162.jpg 768w, https:\/\/www.cultivonslempathie.com\/wp-content\/uploads\/Planning-1-1536x325.jpg 1536w, https:\/\/www.cultivonslempathie.com\/wp-content\/uploads\/Planning-1-2048x433.jpg 2048w, https:\/\/www.cultivonslempathie.com\/wp-content\/uploads\/Planning-1-18x4.jpg 18w, https:\/\/www.cultivonslempathie.com\/wp-content\/uploads\/Planning-1-600x127.jpg 600w\" sizes=\"(max-width: 1024px) 100vw, 1024px\" \/><\/div><\/a>\n\t\t\t\t<div class=\"elementor-post__badge\">Gouvernance locale<\/div>\n\t\t\t\t<div class=\"elementor-post__text\">\n\t\t\t\t<h3 class=\"elementor-post__title\">\n\t\t\t<a href=\"https:\/\/www.cultivonslempathie.com\/fr\/implementing-child-friendly-governance\/\" >\n\t\t\t\tAppliquer une gouvernance adapt\u00e9e aux enfants\t\t\t<\/a>\n\t\t<\/h3>\n\t\t\t\t<\/div>\n\t\t\t\t<div class=\"elementor-post__meta-data\">\n\t\t\t\t\t<span class=\"elementor-post-date\">\n\t\t\t16\/02\/2024\t\t<\/span>\n\t\t\t\t<\/div>\n\t\t\t\t\t<\/div>\n\t\t<\/article>\n\t\t\t\t<article class=\"elementor-post elementor-grid-item post-1576 post type-post status-publish format-standard has-post-thumbnail hentry category-local-governance\" role=\"listitem\">\n\t\t\t<div class=\"elementor-post__card\">\n\t\t\t\t<a class=\"elementor-post__thumbnail__link\" href=\"https:\/\/www.cultivonslempathie.com\/fr\/what-are-some-of-the-issues-facing-urban-children-today\/\" tabindex=\"-1\" ><div class=\"elementor-post__thumbnail\"><img decoding=\"async\" width=\"1024\" height=\"683\" src=\"https:\/\/www.cultivonslempathie.com\/wp-content\/uploads\/IMG_4925-1024x683.jpg\" class=\"attachment-large size-large wp-image-1494\" alt=\"\" srcset=\"https:\/\/www.cultivonslempathie.com\/wp-content\/uploads\/IMG_4925-1024x683.jpg 1024w, https:\/\/www.cultivonslempathie.com\/wp-content\/uploads\/IMG_4925-300x200.jpg 300w, https:\/\/www.cultivonslempathie.com\/wp-content\/uploads\/IMG_4925-768x512.jpg 768w, https:\/\/www.cultivonslempathie.com\/wp-content\/uploads\/IMG_4925-1536x1024.jpg 1536w, https:\/\/www.cultivonslempathie.com\/wp-content\/uploads\/IMG_4925-2048x1365.jpg 2048w, https:\/\/www.cultivonslempathie.com\/wp-content\/uploads\/IMG_4925-18x12.jpg 18w, https:\/\/www.cultivonslempathie.com\/wp-content\/uploads\/IMG_4925-600x400.jpg 600w\" sizes=\"(max-width: 1024px) 100vw, 1024px\" \/><\/div><\/a>\n\t\t\t\t<div class=\"elementor-post__badge\">Gouvernance locale<\/div>\n\t\t\t\t<div class=\"elementor-post__text\">\n\t\t\t\t<h3 class=\"elementor-post__title\">\n\t\t\t<a href=\"https:\/\/www.cultivonslempathie.com\/fr\/what-are-some-of-the-issues-facing-urban-children-today\/\" >\n\t\t\t\tQuels sont les probl\u00e8mes auxquels sont confront\u00e9s les enfants des villes aujourd'hui ?\t\t\t<\/a>\n\t\t<\/h3>\n\t\t\t\t<\/div>\n\t\t\t\t<div class=\"elementor-post__meta-data\">\n\t\t\t\t\t<span class=\"elementor-post-date\">\n\t\t\t16\/02\/2024\t\t<\/span>\n\t\t\t\t<\/div>\n\t\t\t\t\t<\/div>\n\t\t<\/article>\n\t\t\t\t<article class=\"elementor-post elementor-grid-item post-1555 post type-post status-publish format-standard has-post-thumbnail hentry category-local-governance\" role=\"listitem\">\n\t\t\t<div class=\"elementor-post__card\">\n\t\t\t\t<a class=\"elementor-post__thumbnail__link\" href=\"https:\/\/www.cultivonslempathie.com\/fr\/the-international-agenda-for-inclusive-safe-resilient-and-sustainable-cities\/\" tabindex=\"-1\" ><div class=\"elementor-post__thumbnail\"><img loading=\"lazy\" decoding=\"async\" width=\"1024\" height=\"683\" src=\"https:\/\/www.cultivonslempathie.com\/wp-content\/uploads\/IMG_3798-scaled.jpg\" class=\"attachment-large size-large wp-image-1559\" alt=\"\" srcset=\"https:\/\/www.cultivonslempathie.com\/wp-content\/uploads\/IMG_3798-scaled.jpg 2560w, https:\/\/www.cultivonslempathie.com\/wp-content\/uploads\/IMG_3798-300x200.jpg 300w\" sizes=\"(max-width: 1024px) 100vw, 1024px\" \/><\/div><\/a>\n\t\t\t\t<div class=\"elementor-post__badge\">Gouvernance locale<\/div>\n\t\t\t\t<div class=\"elementor-post__text\">\n\t\t\t\t<h3 class=\"elementor-post__title\">\n\t\t\t<a href=\"https:\/\/www.cultivonslempathie.com\/fr\/the-international-agenda-for-inclusive-safe-resilient-and-sustainable-cities\/\" >\n\t\t\t\tL'agenda international pour des villes inclusives, s\u00fbres, r\u00e9silientes et durables\t\t\t<\/a>\n\t\t<\/h3>\n\t\t\t\t<\/div>\n\t\t\t\t<div class=\"elementor-post__meta-data\">\n\t\t\t\t\t<span class=\"elementor-post-date\">\n\t\t\t16\/02\/2024\t\t<\/span>\n\t\t\t\t<\/div>\n\t\t\t\t\t<\/div>\n\t\t<\/article>\n\t\t\t\t<article class=\"elementor-post elementor-grid-item post-1540 post type-post status-publish format-standard has-post-thumbnail hentry category-local-governance\" role=\"listitem\">\n\t\t\t<div class=\"elementor-post__card\">\n\t\t\t\t<a class=\"elementor-post__thumbnail__link\" href=\"https:\/\/www.cultivonslempathie.com\/fr\/why-discussing-child-rights-at-local-level-matters\/\" tabindex=\"-1\" ><div class=\"elementor-post__thumbnail\"><img loading=\"lazy\" decoding=\"async\" width=\"1024\" height=\"461\" src=\"https:\/\/www.cultivonslempathie.com\/wp-content\/uploads\/Futebol-1024x461.jpg\" class=\"attachment-large size-large wp-image-1543\" alt=\"\" srcset=\"https:\/\/www.cultivonslempathie.com\/wp-content\/uploads\/Futebol-1024x461.jpg 1024w, https:\/\/www.cultivonslempathie.com\/wp-content\/uploads\/Futebol-300x135.jpg 300w, https:\/\/www.cultivonslempathie.com\/wp-content\/uploads\/Futebol-768x346.jpg 768w, https:\/\/www.cultivonslempathie.com\/wp-content\/uploads\/Futebol-18x8.jpg 18w, https:\/\/www.cultivonslempathie.com\/wp-content\/uploads\/Futebol-600x270.jpg 600w, https:\/\/www.cultivonslempathie.com\/wp-content\/uploads\/Futebol.jpg 1280w\" sizes=\"(max-width: 1024px) 100vw, 1024px\" \/><\/div><\/a>\n\t\t\t\t<div class=\"elementor-post__badge\">Gouvernance locale<\/div>\n\t\t\t\t<div class=\"elementor-post__text\">\n\t\t\t\t<h3 class=\"elementor-post__title\">\n\t\t\t<a href=\"https:\/\/www.cultivonslempathie.com\/fr\/why-discussing-child-rights-at-local-level-matters\/\" >\n\t\t\t\tPourquoi il est important de d\u00e9battre des droits de l'enfant au niveau local\t\t\t<\/a>\n\t\t<\/h3>\n\t\t\t\t<\/div>\n\t\t\t\t<div class=\"elementor-post__meta-data\">\n\t\t\t\t\t<span class=\"elementor-post-date\">\n\t\t\t16\/02\/2024\t\t<\/span>\n\t\t\t\t<\/div>\n\t\t\t\t\t<\/div>\n\t\t<\/article>\n\t\t\t\t<\/div>\n\t\t\n\t\t\t\t\t\t<\/div>\n\t\t\t\t<\/div>\n\t\t\t\t<div class=\"elementor-element elementor-element-3216ddbc elementor-widget elementor-widget-spacer\" data-id=\"3216ddbc\" data-element_type=\"widget\" data-e-type=\"widget\" data-widget_type=\"spacer.default\">\n\t\t\t\t<div class=\"elementor-widget-container\">\n\t\t\t\t\t\t\t<div class=\"elementor-spacer\">\n\t\t\t<div class=\"elementor-spacer-inner\"><\/div>\n\t\t<\/div>\n\t\t\t\t\t\t<\/div>\n\t\t\t\t<\/div>\n\t\t\t\t<\/div>\n\t\t\t\t<\/div>","protected":false},"excerpt":{"rendered":"<p>Local governance Child rights take into account the comprehensive needs of children and the conditions required to ensure that they grow up in a healthy<\/p>","protected":false},"author":2,"featured_media":0,"parent":0,"menu_order":0,"comment_status":"closed","ping_status":"closed","template":"elementor_header_footer","meta":{"inline_featured_image":false,"footnotes":""},"class_list":["post-2304","page","type-page","status-publish","hentry"],"blocksy_meta":[],"yoast_head":"<!-- This site is optimized with the Yoast SEO plugin v27.4 - https:\/\/yoast.com\/product\/yoast-seo-wordpress\/ -->\n<title>Local governance - Cultivons l&#039;empathie<\/title>\n<meta name=\"robots\" content=\"index, follow, max-snippet:-1, max-image-preview:large, max-video-preview:-1\" \/>\n<link rel=\"canonical\" href=\"https:\/\/www.cultivonslempathie.com\/fr\/local-governance\/\" \/>\n<meta property=\"og:locale\" content=\"fr_FR\" \/>\n<meta property=\"og:type\" content=\"article\" \/>\n<meta property=\"og:title\" content=\"Local governance - Cultivons l&#039;empathie\" \/>\n<meta property=\"og:description\" content=\"Local governance Child rights take into account the comprehensive needs of children and the conditions required to ensure that they grow up in a healthy\" \/>\n<meta property=\"og:url\" content=\"https:\/\/www.cultivonslempathie.com\/fr\/local-governance\/\" \/>\n<meta property=\"og:site_name\" content=\"Cultivons l&#039;empathie\" \/>\n<meta property=\"article:modified_time\" content=\"2024-04-10T06:52:28+00:00\" \/>\n<meta name=\"twitter:card\" content=\"summary_large_image\" \/>\n<meta name=\"twitter:label1\" content=\"Dur\u00e9e de lecture estim\u00e9e\" \/>\n\t<meta name=\"twitter:data1\" content=\"3 minutes\" \/>\n<script type=\"application\/ld+json\" class=\"yoast-schema-graph\">{\"@context\":\"https:\\\/\\\/schema.org\",\"@graph\":[{\"@type\":\"WebPage\",\"@id\":\"https:\\\/\\\/www.cultivonslempathie.com\\\/local-governance\\\/\",\"url\":\"https:\\\/\\\/www.cultivonslempathie.com\\\/local-governance\\\/\",\"name\":\"Local governance - Cultivons l&#039;empathie\",\"isPartOf\":{\"@id\":\"https:\\\/\\\/www.cultivonslempathie.com\\\/#website\"},\"datePublished\":\"2024-03-12T16:20:58+00:00\",\"dateModified\":\"2024-04-10T06:52:28+00:00\",\"breadcrumb\":{\"@id\":\"https:\\\/\\\/www.cultivonslempathie.com\\\/local-governance\\\/#breadcrumb\"},\"inLanguage\":\"fr-FR\",\"potentialAction\":[{\"@type\":\"ReadAction\",\"target\":[\"https:\\\/\\\/www.cultivonslempathie.com\\\/local-governance\\\/\"]}]},{\"@type\":\"BreadcrumbList\",\"@id\":\"https:\\\/\\\/www.cultivonslempathie.com\\\/local-governance\\\/#breadcrumb\",\"itemListElement\":[{\"@type\":\"ListItem\",\"position\":1,\"name\":\"Home\",\"item\":\"https:\\\/\\\/www.cultivonslempathie.com\\\/\"},{\"@type\":\"ListItem\",\"position\":2,\"name\":\"Local governance\"}]},{\"@type\":\"WebSite\",\"@id\":\"https:\\\/\\\/www.cultivonslempathie.com\\\/#website\",\"url\":\"https:\\\/\\\/www.cultivonslempathie.com\\\/\",\"name\":\"Cultivons l&#039;empathie\",\"description\":\"\",\"publisher\":{\"@id\":\"https:\\\/\\\/www.cultivonslempathie.com\\\/#organization\"},\"potentialAction\":[{\"@type\":\"SearchAction\",\"target\":{\"@type\":\"EntryPoint\",\"urlTemplate\":\"https:\\\/\\\/www.cultivonslempathie.com\\\/?s={search_term_string}\"},\"query-input\":{\"@type\":\"PropertyValueSpecification\",\"valueRequired\":true,\"valueName\":\"search_term_string\"}}],\"inLanguage\":\"fr-FR\"},{\"@type\":\"Organization\",\"@id\":\"https:\\\/\\\/www.cultivonslempathie.com\\\/#organization\",\"name\":\"Cultivons l&#039;empathie\",\"url\":\"https:\\\/\\\/www.cultivonslempathie.com\\\/\",\"logo\":{\"@type\":\"ImageObject\",\"inLanguage\":\"fr-FR\",\"@id\":\"https:\\\/\\\/www.cultivonslempathie.com\\\/#\\\/schema\\\/logo\\\/image\\\/\",\"url\":\"https:\\\/\\\/www.cultivonslempathie.com\\\/wp-content\\\/uploads\\\/logo-cultivonslempathie.svg\",\"contentUrl\":\"https:\\\/\\\/www.cultivonslempathie.com\\\/wp-content\\\/uploads\\\/logo-cultivonslempathie.svg\",\"width\":600,\"height\":600,\"caption\":\"Cultivons l&#039;empathie\"},\"image\":{\"@id\":\"https:\\\/\\\/www.cultivonslempathie.com\\\/#\\\/schema\\\/logo\\\/image\\\/\"}}]}<\/script>\n<!-- \/ Yoast SEO plugin. -->","yoast_head_json":{"title":"Local governance - Cultivons l&#039;empathie","robots":{"index":"index","follow":"follow","max-snippet":"max-snippet:-1","max-image-preview":"max-image-preview:large","max-video-preview":"max-video-preview:-1"},"canonical":"https:\/\/www.cultivonslempathie.com\/fr\/local-governance\/","og_locale":"fr_FR","og_type":"article","og_title":"Local governance - Cultivons l&#039;empathie","og_description":"Local governance Child rights take into account the comprehensive needs of children and the conditions required to ensure that they grow up in a healthy","og_url":"https:\/\/www.cultivonslempathie.com\/fr\/local-governance\/","og_site_name":"Cultivons l&#039;empathie","article_modified_time":"2024-04-10T06:52:28+00:00","twitter_card":"summary_large_image","twitter_misc":{"Dur\u00e9e de lecture estim\u00e9e":"3 minutes"},"schema":{"@context":"https:\/\/schema.org","@graph":[{"@type":"WebPage","@id":"https:\/\/www.cultivonslempathie.com\/local-governance\/","url":"https:\/\/www.cultivonslempathie.com\/local-governance\/","name":"Local governance - Cultivons l&#039;empathie","isPartOf":{"@id":"https:\/\/www.cultivonslempathie.com\/#website"},"datePublished":"2024-03-12T16:20:58+00:00","dateModified":"2024-04-10T06:52:28+00:00","breadcrumb":{"@id":"https:\/\/www.cultivonslempathie.com\/local-governance\/#breadcrumb"},"inLanguage":"fr-FR","potentialAction":[{"@type":"ReadAction","target":["https:\/\/www.cultivonslempathie.com\/local-governance\/"]}]},{"@type":"BreadcrumbList","@id":"https:\/\/www.cultivonslempathie.com\/local-governance\/#breadcrumb","itemListElement":[{"@type":"ListItem","position":1,"name":"Home","item":"https:\/\/www.cultivonslempathie.com\/"},{"@type":"ListItem","position":2,"name":"Local governance"}]},{"@type":"WebSite","@id":"https:\/\/www.cultivonslempathie.com\/#website","url":"https:\/\/www.cultivonslempathie.com\/","name":"Cultivons l&#039;empathie","description":"","publisher":{"@id":"https:\/\/www.cultivonslempathie.com\/#organization"},"potentialAction":[{"@type":"SearchAction","target":{"@type":"EntryPoint","urlTemplate":"https:\/\/www.cultivonslempathie.com\/?s={search_term_string}"},"query-input":{"@type":"PropertyValueSpecification","valueRequired":true,"valueName":"search_term_string"}}],"inLanguage":"fr-FR"},{"@type":"Organization","@id":"https:\/\/www.cultivonslempathie.com\/#organization","name":"Cultivons l&#039;empathie","url":"https:\/\/www.cultivonslempathie.com\/","logo":{"@type":"ImageObject","inLanguage":"fr-FR","@id":"https:\/\/www.cultivonslempathie.com\/#\/schema\/logo\/image\/","url":"https:\/\/www.cultivonslempathie.com\/wp-content\/uploads\/logo-cultivonslempathie.svg","contentUrl":"https:\/\/www.cultivonslempathie.com\/wp-content\/uploads\/logo-cultivonslempathie.svg","width":600,"height":600,"caption":"Cultivons l&#039;empathie"},"image":{"@id":"https:\/\/www.cultivonslempathie.com\/#\/schema\/logo\/image\/"}}]}},"_links":{"self":[{"href":"https:\/\/www.cultivonslempathie.com\/fr\/wp-json\/wp\/v2\/pages\/2304","targetHints":{"allow":["GET"]}}],"collection":[{"href":"https:\/\/www.cultivonslempathie.com\/fr\/wp-json\/wp\/v2\/pages"}],"about":[{"href":"https:\/\/www.cultivonslempathie.com\/fr\/wp-json\/wp\/v2\/types\/page"}],"author":[{"embeddable":true,"href":"https:\/\/www.cultivonslempathie.com\/fr\/wp-json\/wp\/v2\/users\/2"}],"replies":[{"embeddable":true,"href":"https:\/\/www.cultivonslempathie.com\/fr\/wp-json\/wp\/v2\/comments?post=2304"}],"version-history":[{"count":13,"href":"https:\/\/www.cultivonslempathie.com\/fr\/wp-json\/wp\/v2\/pages\/2304\/revisions"}],"predecessor-version":[{"id":2939,"href":"https:\/\/www.cultivonslempathie.com\/fr\/wp-json\/wp\/v2\/pages\/2304\/revisions\/2939"}],"wp:attachment":[{"href":"https:\/\/www.cultivonslempathie.com\/fr\/wp-json\/wp\/v2\/media?parent=2304"}],"curies":[{"name":"wp","href":"https:\/\/api.w.org\/{rel}","templated":true}]}}